{"id":723,"date":"2024-01-29T12:28:04","date_gmt":"2024-01-29T12:28:04","guid":{"rendered":"https:\/\/store.groow.pt\/product\/tintura-para-alivio-da-dor-30ml\/"},"modified":"2024-04-01T20:59:12","modified_gmt":"2024-04-01T20:59:12","slug":"tintura-para-alivio-da-dor-30ml","status":"publish","type":"product","link":"https:\/\/groow.pt\/?product=tintura-para-alivio-da-dor-30ml","title":{"rendered":"Tintura para Al\u00edvio da Dor 30mL"},"content":{"rendered":"<p>Esta tintura S.O.S \u00e9 um poderoso analg\u00e9sico, anti-inflamat\u00f3rio e analg\u00e9sico. Devido \u00e0 variada sele\u00e7\u00e3o de ervas que cont\u00e9m, a Tintura para Al\u00edvio da Dor cobre uma ampla gama de tipos de dor. \u00c9 adequado para dores de cabe\u00e7a e enxaquecas, bem como dores no corpo, como dores nas articula\u00e7\u00f5es, dores musculares, contus\u00f5es, tendinites e entorses. Al\u00e9m disso, apoia a regenera\u00e7\u00e3o articular, a drenagem geral e a remineraliza\u00e7\u00e3o \u00f3ssea.<br \/>\nDica: Para dores no corpo, usar em combina\u00e7\u00e3o com o \u00d3leo de Massagem.<\/p>\n<p>Dosagem e uso<br \/>\n7-14 gotas ap\u00f3s as refei\u00e7\u00f5es (dependendo do n\u00edvel de dor), 3x ao dia, at\u00e9 que a dor diminua.<br \/>\nFa\u00e7a uma pausa de 5 dias ap\u00f3s usar por 21 dias seguidos.<br \/>\nAgitar antes de usar. Colocar as gotas num copo de \u00e1gua\/sumo\/ch\u00e1 ou diretamente sob a l\u00edngua. Para uso interno. Para orienta\u00e7\u00f5es personalizadas e dosagem espec\u00edfica entre em contato com a Da Lua.<\/p>\n<p>Ingredientes<br \/>\nTanchagem, garra do diabo, trombeta rosa, a\u00e7afr\u00e3o, casca de salgueiro e mil-folhas, maceradas em \u00e1lcool org\u00e2nico e \u00e1gua de nascente solarizada.<br \/>\nFeito \u00e0 m\u00e3o em pequenos lotes com ingredientes org\u00e2nicos, locais e de com\u00e9rcio justo. N\u00e3o cont\u00e9m corantes ou conservantes artificiais. Colhido selvagem e\/ou de origem biol\u00f3gica. Com amor, em Portugal.<\/p>\n<p>Contra-indica\u00e7\u00f5es<br \/>\nEvitar em caso de \u00falcera g\u00e1strica e gastrite, pode interferir com anticoagulantes e anti-hipertensivos (mil-folhas). Evitar usar durante a gravidez e durante a amamenta\u00e7\u00e3o.<\/p>\n","protected":false},"excerpt":{"rendered":"<p>Esta tintura S.O.S \u00e9 um poderoso analg\u00e9sico, anti-inflamat\u00f3rio e analg\u00e9sico. Devido \u00e0 variada sele\u00e7\u00e3o de ervas que cont\u00e9m, a Tintura para Al\u00edvio da Dor cobre uma ampla gama de tipos de dor. \u00c9 adequado para dores de cabe\u00e7a e enxaquecas, bem como dores no corpo, como dores nas articula\u00e7\u00f5es, dores musculares, contus\u00f5es, tendinites e entorses. [&hellip;]<\/p>\n","protected":false},"featured_media":52547,"comment_status":"open","ping_status":"closed","template":"","meta":{"content-type":"","_uag_custom_page_level_css":"","site-sidebar-layout":"default","site-content-layout":"","ast-site-content-layout":"default","site-content-style":"default","site-sidebar-style":"default","ast-global-header-display":"","ast-banner-title-visibility":"","ast-main-header-display":"","ast-hfb-above-header-display":"","ast-hfb-below-header-display":"","ast-hfb-mobile-header-display":"","site-post-title":"","ast-breadcrumbs-content":"","ast-featured-img":"","footer-sml-layout":"","ast-disable-related-posts":"","theme-transparent-header-meta":"default","adv-header-id-meta":"","stick-header-meta":"","header-above-stick-meta":"","header-main-stick-meta":"","header-below-stick-meta":"","astra-migrate-meta-layouts":"set","ast-page-background-enabled":"default","ast-page-background-meta":{"desktop":{"background-color":"var(--ast-global-color-4)","background-image":"","background-repeat":"repeat","background-position":"center center","background-size":"auto","background-attachment":"scroll","background-type":"","background-media":"","overlay-type":"","overlay-color":"","overlay-opacity":"","overlay-gradient":""},"tablet":{"background-color":"","background-image":"","background-repeat":"repeat","background-position":"center center","background-size":"auto","background-attachment":"scroll","background-type":"","background-media":"","overlay-type":"","overlay-color":"","overlay-opacity":"","overlay-gradient":""},"mobile":{"background-color":"","background-image":"","background-repeat":"repeat","background-position":"center center","background-size":"auto","background-attachment":"scroll","background-type":"","background-media":"","overlay-type":"","overlay-color":"","overlay-opacity":"","overlay-gradient":""}},"ast-content-background-meta":{"desktop":{"background-color":"var(--ast-global-color-5)","background-image":"","background-repeat":"repeat","background-position":"center center","background-size":"auto","background-attachment":"scroll","background-type":"","background-media":"","overlay-type":"","overlay-color":"","overlay-opacity":"","overlay-gradient":""},"tablet":{"background-color":"var(--ast-global-color-5)","background-image":"","background-repeat":"repeat","background-position":"center center","background-size":"auto","background-attachment":"scroll","background-type":"","background-media":"","overlay-type":"","overlay-color":"","overlay-opacity":"","overlay-gradient":""},"mobile":{"background-color":"var(--ast-global-color-5)","background-image":"","background-repeat":"repeat","background-position":"center center","background-size":"auto","background-attachment":"scroll","background-type":"","background-media":"","overlay-type":"","overlay-color":"","overlay-opacity":"","overlay-gradient":""}},"_cloudinary_featured_overwrite":false},"pwb-brand":[113],"product_brand":[],"product_cat":[47,28,67],"product_tag":[],"class_list":{"0":"post-723","1":"product","2":"type-product","3":"status-publish","4":"has-post-thumbnail","6":"pwb-brand-da-lua","7":"product_cat-bem-estar","8":"product_cat-produtos","9":"product_cat-tinturas-suplementos","10":"desktop-align-left","11":"tablet-align-left","12":"mobile-align-left","14":"first","15":"instock","16":"taxable","17":"shipping-taxable","18":"purchasable","19":"product-type-simple"},"uagb_featured_image_src":{"full":["https:\/\/res.cloudinary.com\/groow\/images\/f_auto,q_auto\/v1711479448\/PRODUTOS\/Da Lua Herbals\/tinturarias\/alivio_dor\/TINTURA-ALIVIO-DOR-30ml\/TINTURA-ALIVIO-DOR-30ml.webp?_i=AA",900,900,false],"thumbnail":["https:\/\/res.cloudinary.com\/groow\/images\/w_150,h_150,c_fill,g_auto\/f_auto,q_auto\/v1711479448\/PRODUTOS\/Da Lua Herbals\/tinturarias\/alivio_dor\/TINTURA-ALIVIO-DOR-30ml\/TINTURA-ALIVIO-DOR-30ml.webp?_i=AA",150,150,true],"medium":["https:\/\/res.cloudinary.com\/groow\/images\/w_300,h_300,c_scale\/f_auto,q_auto\/v1711479448\/PRODUTOS\/Da Lua Herbals\/tinturarias\/alivio_dor\/TINTURA-ALIVIO-DOR-30ml\/TINTURA-ALIVIO-DOR-30ml.webp?_i=AA",300,300,true],"medium_large":["https:\/\/res.cloudinary.com\/groow\/images\/w_768,h_768,c_fill,g_auto\/f_auto,q_auto\/v1711479448\/PRODUTOS\/Da Lua Herbals\/tinturarias\/alivio_dor\/TINTURA-ALIVIO-DOR-30ml\/TINTURA-ALIVIO-DOR-30ml.webp?_i=AA",768,768,true],"large":["https:\/\/res.cloudinary.com\/groow\/images\/f_auto,q_auto\/v1711479448\/PRODUTOS\/Da Lua Herbals\/tinturarias\/alivio_dor\/TINTURA-ALIVIO-DOR-30ml\/TINTURA-ALIVIO-DOR-30ml.webp?_i=AA",900,900,false],"1536x1536":["https:\/\/res.cloudinary.com\/groow\/images\/f_auto,q_auto\/v1711479448\/PRODUTOS\/Da Lua Herbals\/tinturarias\/alivio_dor\/TINTURA-ALIVIO-DOR-30ml\/TINTURA-ALIVIO-DOR-30ml.webp?_i=AA",900,900,false],"2048x2048":["https:\/\/res.cloudinary.com\/groow\/images\/f_auto,q_auto\/v1711479448\/PRODUTOS\/Da Lua Herbals\/tinturarias\/alivio_dor\/TINTURA-ALIVIO-DOR-30ml\/TINTURA-ALIVIO-DOR-30ml.webp?_i=AA",900,900,false],"trp-custom-language-flag":["https:\/\/res.cloudinary.com\/groow\/images\/w_12,h_12,c_fill,g_auto\/f_auto,q_auto\/v1711479448\/PRODUTOS\/Da Lua Herbals\/tinturarias\/alivio_dor\/TINTURA-ALIVIO-DOR-30ml\/TINTURA-ALIVIO-DOR-30ml.webp?_i=AA",12,12,true],"woocommerce_thumbnail":["https:\/\/res.cloudinary.com\/groow\/images\/w_300,h_300,c_scale\/f_auto,q_auto\/v1711479448\/PRODUTOS\/Da Lua Herbals\/tinturarias\/alivio_dor\/TINTURA-ALIVIO-DOR-30ml\/TINTURA-ALIVIO-DOR-30ml.webp?_i=AA",300,300,true],"woocommerce_single":["https:\/\/res.cloudinary.com\/groow\/images\/w_600,h_600,c_fill,g_auto\/f_auto,q_auto\/v1711479448\/PRODUTOS\/Da Lua Herbals\/tinturarias\/alivio_dor\/TINTURA-ALIVIO-DOR-30ml\/TINTURA-ALIVIO-DOR-30ml.webp?_i=AA",600,600,true],"woocommerce_gallery_thumbnail":["https:\/\/res.cloudinary.com\/groow\/images\/w_100,h_100,c_fill,g_auto\/f_auto,q_auto\/v1711479448\/PRODUTOS\/Da Lua Herbals\/tinturarias\/alivio_dor\/TINTURA-ALIVIO-DOR-30ml\/TINTURA-ALIVIO-DOR-30ml.webp?_i=AA",100,100,true],"dgwt-wcas-product-suggestion":["https:\/\/res.cloudinary.com\/groow\/images\/w_64,h_64,c_fill,g_auto\/f_auto,q_auto\/v1711479448\/PRODUTOS\/Da Lua Herbals\/tinturarias\/alivio_dor\/TINTURA-ALIVIO-DOR-30ml\/TINTURA-ALIVIO-DOR-30ml.webp?_i=AA",64,64,true]},"uagb_author_info":{"display_name":"Paulo Mesquita","author_link":"https:\/\/groow.pt\/author"},"uagb_comment_info":0,"uagb_excerpt":"Esta tintura S.O.S \u00e9 um poderoso analg\u00e9sico, anti-inflamat\u00f3rio e analg\u00e9sico. Devido \u00e0 variada sele\u00e7\u00e3o de ervas que cont\u00e9m, a Tintura para Al\u00edvio da Dor cobre uma ampla gama de tipos de dor. \u00c9 adequado para dores de cabe\u00e7a e enxaquecas, bem como dores no corpo, como dores nas articula\u00e7\u00f5es, dores musculares, contus\u00f5es, tendinites e entorses.&hellip;","brands":[{"id":113,"name":"Da Lua","slug":"da-lua"}],"_links":{"self":[{"href":"https:\/\/groow.pt\/index.php?rest_route=\/wp\/v2\/product\/723","targetHints":{"allow":["GET"]}}],"collection":[{"href":"https:\/\/groow.pt\/index.php?rest_route=\/wp\/v2\/product"}],"about":[{"href":"https:\/\/groow.pt\/index.php?rest_route=\/wp\/v2\/types\/product"}],"replies":[{"embeddable":true,"href":"https:\/\/groow.pt\/index.php?rest_route=%2Fwp%2Fv2%2Fcomments&post=723"}],"wp:featuredmedia":[{"embeddable":true,"href":"https:\/\/groow.pt\/index.php?rest_route=\/wp\/v2\/media\/52547"}],"wp:attachment":[{"href":"https:\/\/groow.pt\/index.php?rest_route=%2Fwp%2Fv2%2Fmedia&parent=723"}],"wp:term":[{"taxonomy":"pwb-brand","embeddable":true,"href":"https:\/\/groow.pt\/index.php?rest_route=%2Fwp%2Fv2%2Fpwb-brand&post=723"},{"taxonomy":"product_brand","embeddable":true,"href":"https:\/\/groow.pt\/index.php?rest_route=%2Fwp%2Fv2%2Fproduct_brand&post=723"},{"taxonomy":"product_cat","embeddable":true,"href":"https:\/\/groow.pt\/index.php?rest_route=%2Fwp%2Fv2%2Fproduct_cat&post=723"},{"taxonomy":"product_tag","embeddable":true,"href":"https:\/\/groow.pt\/index.php?rest_route=%2Fwp%2Fv2%2Fproduct_tag&post=723"}],"curies":[{"name":"wp","href":"https:\/\/api.w.org\/{rel}","templated":true}]}}