{"id":719,"date":"2024-01-29T12:28:03","date_gmt":"2024-01-29T12:28:03","guid":{"rendered":"https:\/\/store.groow.pt\/product\/tintura-para-menopausa-100ml\/"},"modified":"2024-04-01T21:00:33","modified_gmt":"2024-04-01T21:00:33","slug":"tintura-para-menopausa-100ml","status":"publish","type":"product","link":"https:\/\/groow.pt\/?product=tintura-para-menopausa-100ml","title":{"rendered":"Tintura para Menopausa 100mL"},"content":{"rendered":"<p>Uma tintura de ervas medicinais completa para ajudar a realinhar o corpo em tempos de flutua\u00e7\u00e3o hormonal na transi\u00e7\u00e3o para a menopausa, bem como apoiar o sistema reprodutor feminino. Esta mistura pode ajudar a aliviar os sintomas desconfort\u00e1veis associados \u00e0 menopausa: ondas de calor, baixa libido, ganho de peso, dist\u00farbios do sono e altera\u00e7\u00f5es de humor. Deixa que isso te ajude a tornar essa transi\u00e7\u00e3o o mais suave poss\u00edvel, para que possas continuar a ser a deusa que \u00e9s. Uma vez que as ervas selecionadas atuam como adapt\u00f3genos no corpo, elas podem ajudar a regular naturalmente as hormonas em momentos de desalinhamento, sem o uso de produtos farmac\u00eauticos ou produtos qu\u00edmicos agressivos. \u200b\u200b<br \/>\nUsar tinturas de ervas para resolver os problemas na sua origem, em vez de suprimir os sintomas individuais, pode fazer uma enorme diferen\u00e7a na qualidade de vida. \u00c9 por isso que a Da Lua Herbals est\u00e1 comprometida em ter um produto \u00e0 base de plantas para atender aos sintomas de desequil\u00edbrio hormonal em sua causa raiz, como altera\u00e7\u00f5es de humor, ansiedade, distens\u00e3o abdominal, dor abdominal, suores noturnos, ondas de calor, irritabilidade, acne hormonal e muito mais. .<br \/>\nPara melhores resultados, combinar a Tintura para Menopausa com os Sais de Banho Relaxantes, o Spray Bons Sonhos ou o \u00d3leo Perfumado Calmante \u2013 Stillness.<\/p>\n<p>Dosagem e uso<br \/>\nSugest\u00e3o de Uso: Tomar 1 conta-gotas cheio pela manh\u00e3 e outro \u00e0 noite, por 3 semanas seguidas. Fazer uma pausa de 1 semana e retomar. Para melhores resultados, continuar por 3 meses.<br \/>\nAgitar antes de usar. Colocar as gotas num copo de \u00e1gua\/sumo\/ch\u00e1 ou diretamente sob a l\u00edngua. Para uso interno. Para orienta\u00e7\u00f5es personalizadas e dosagem espec\u00edfica entre em contato com a Da Lua.<\/p>\n<p>Ingredientes<br \/>\nS\u00e1lvia org\u00e2nica, aveia, l\u00fapulo, lavanda, alca\u00e7uz, salsaparrilha, ervilhaca e agnocasto macerados em \u00e1lcool org\u00e2nico e \u00e1gua mineral solarizada.<br \/>\nFeito \u00e0 m\u00e3o em pequenos lotes com ingredientes org\u00e2nicos, locais e de com\u00e9rcio justo. N\u00e3o cont\u00e9m corantes ou conservantes artificiais. Colhido selvagem e\/ou de origem biol\u00f3gica. Com amor, em Portugal.<\/p>\n","protected":false},"excerpt":{"rendered":"<p>Uma tintura de ervas medicinais completa para ajudar a realinhar o corpo em tempos de flutua\u00e7\u00e3o hormonal na transi\u00e7\u00e3o para a menopausa, bem como apoiar o sistema reprodutor feminino. Esta mistura pode ajudar a aliviar os sintomas desconfort\u00e1veis associados \u00e0 menopausa: ondas de calor, baixa libido, ganho de peso, dist\u00farbios do sono e altera\u00e7\u00f5es de [&hellip;]<\/p>\n","protected":false},"featured_media":52514,"comment_status":"open","ping_status":"closed","template":"","meta":{"content-type":"","_uag_custom_page_level_css":"","site-sidebar-layout":"default","site-content-layout":"","ast-site-content-layout":"default","site-content-style":"default","site-sidebar-style":"default","ast-global-header-display":"","ast-banner-title-visibility":"","ast-main-header-display":"","ast-hfb-above-header-display":"","ast-hfb-below-header-display":"","ast-hfb-mobile-header-display":"","site-post-title":"","ast-breadcrumbs-content":"","ast-featured-img":"","footer-sml-layout":"","ast-disable-related-posts":"","theme-transparent-header-meta":"default","adv-header-id-meta":"","stick-header-meta":"","header-above-stick-meta":"","header-main-stick-meta":"","header-below-stick-meta":"","astra-migrate-meta-layouts":"set","ast-page-background-enabled":"default","ast-page-background-meta":{"desktop":{"background-color":"var(--ast-global-color-4)","background-image":"","background-repeat":"repeat","background-position":"center center","background-size":"auto","background-attachment":"scroll","background-type":"","background-media":"","overlay-type":"","overlay-color":"","overlay-opacity":"","overlay-gradient":""},"tablet":{"background-color":"","background-image":"","background-repeat":"repeat","background-position":"center center","background-size":"auto","background-attachment":"scroll","background-type":"","background-media":"","overlay-type":"","overlay-color":"","overlay-opacity":"","overlay-gradient":""},"mobile":{"background-color":"","background-image":"","background-repeat":"repeat","background-position":"center center","background-size":"auto","background-attachment":"scroll","background-type":"","background-media":"","overlay-type":"","overlay-color":"","overlay-opacity":"","overlay-gradient":""}},"ast-content-background-meta":{"desktop":{"background-color":"var(--ast-global-color-5)","background-image":"","background-repeat":"repeat","background-position":"center center","background-size":"auto","background-attachment":"scroll","background-type":"","background-media":"","overlay-type":"","overlay-color":"","overlay-opacity":"","overlay-gradient":""},"tablet":{"background-color":"var(--ast-global-color-5)","background-image":"","background-repeat":"repeat","background-position":"center center","background-size":"auto","background-attachment":"scroll","background-type":"","background-media":"","overlay-type":"","overlay-color":"","overlay-opacity":"","overlay-gradient":""},"mobile":{"background-color":"var(--ast-global-color-5)","background-image":"","background-repeat":"repeat","background-position":"center center","background-size":"auto","background-attachment":"scroll","background-type":"","background-media":"","overlay-type":"","overlay-color":"","overlay-opacity":"","overlay-gradient":""}},"_cloudinary_featured_overwrite":false},"pwb-brand":[113],"product_brand":[],"product_cat":[47,28,67],"product_tag":[],"class_list":{"0":"post-719","1":"product","2":"type-product","3":"status-publish","4":"has-post-thumbnail","6":"pwb-brand-da-lua","7":"product_cat-bem-estar","8":"product_cat-produtos","9":"product_cat-tinturas-suplementos","10":"desktop-align-left","11":"tablet-align-left","12":"mobile-align-left","14":"first","15":"instock","16":"taxable","17":"shipping-taxable","18":"product-type-variable"},"uagb_featured_image_src":{"full":["https:\/\/res.cloudinary.com\/groow\/images\/f_auto,q_auto\/v1711479685\/PRODUTOS\/Da Lua Herbals\/tinturarias\/menopausa\/TINTURA-MENOPAUSA-100\/TINTURA-MENOPAUSA-100.webp?_i=AA",900,900,false],"thumbnail":["https:\/\/res.cloudinary.com\/groow\/images\/w_150,h_150,c_fill,g_auto\/f_auto,q_auto\/v1711479685\/PRODUTOS\/Da Lua Herbals\/tinturarias\/menopausa\/TINTURA-MENOPAUSA-100\/TINTURA-MENOPAUSA-100.webp?_i=AA",150,150,true],"medium":["https:\/\/res.cloudinary.com\/groow\/images\/w_300,h_300,c_fill,g_auto\/f_auto,q_auto\/v1711479685\/PRODUTOS\/Da Lua Herbals\/tinturarias\/menopausa\/TINTURA-MENOPAUSA-100\/TINTURA-MENOPAUSA-100.webp?_i=AA",300,300,true],"medium_large":["https:\/\/res.cloudinary.com\/groow\/images\/w_768,h_768,c_fill,g_auto\/f_auto,q_auto\/v1711479685\/PRODUTOS\/Da Lua Herbals\/tinturarias\/menopausa\/TINTURA-MENOPAUSA-100\/TINTURA-MENOPAUSA-100.webp?_i=AA",768,768,true],"large":["https:\/\/res.cloudinary.com\/groow\/images\/f_auto,q_auto\/v1711479685\/PRODUTOS\/Da Lua Herbals\/tinturarias\/menopausa\/TINTURA-MENOPAUSA-100\/TINTURA-MENOPAUSA-100.webp?_i=AA",900,900,false],"1536x1536":["https:\/\/res.cloudinary.com\/groow\/images\/f_auto,q_auto\/v1711479685\/PRODUTOS\/Da Lua Herbals\/tinturarias\/menopausa\/TINTURA-MENOPAUSA-100\/TINTURA-MENOPAUSA-100.webp?_i=AA",900,900,false],"2048x2048":["https:\/\/res.cloudinary.com\/groow\/images\/f_auto,q_auto\/v1711479685\/PRODUTOS\/Da Lua Herbals\/tinturarias\/menopausa\/TINTURA-MENOPAUSA-100\/TINTURA-MENOPAUSA-100.webp?_i=AA",900,900,false],"trp-custom-language-flag":["https:\/\/res.cloudinary.com\/groow\/images\/w_12,h_12,c_fill,g_auto\/f_auto,q_auto\/v1711479685\/PRODUTOS\/Da Lua Herbals\/tinturarias\/menopausa\/TINTURA-MENOPAUSA-100\/TINTURA-MENOPAUSA-100.webp?_i=AA",12,12,true],"woocommerce_thumbnail":["https:\/\/res.cloudinary.com\/groow\/images\/w_300,h_300,c_fill,g_auto\/f_auto,q_auto\/v1711479685\/PRODUTOS\/Da Lua Herbals\/tinturarias\/menopausa\/TINTURA-MENOPAUSA-100\/TINTURA-MENOPAUSA-100.webp?_i=AA",300,300,true],"woocommerce_single":["https:\/\/res.cloudinary.com\/groow\/images\/w_600,h_600,c_fill,g_auto\/f_auto,q_auto\/v1711479685\/PRODUTOS\/Da Lua Herbals\/tinturarias\/menopausa\/TINTURA-MENOPAUSA-100\/TINTURA-MENOPAUSA-100.webp?_i=AA",600,600,true],"woocommerce_gallery_thumbnail":["https:\/\/res.cloudinary.com\/groow\/images\/w_100,h_100,c_fill,g_auto\/f_auto,q_auto\/v1711479685\/PRODUTOS\/Da Lua Herbals\/tinturarias\/menopausa\/TINTURA-MENOPAUSA-100\/TINTURA-MENOPAUSA-100.webp?_i=AA",100,100,true],"dgwt-wcas-product-suggestion":["https:\/\/res.cloudinary.com\/groow\/images\/w_64,h_64,c_fill,g_auto\/f_auto,q_auto\/v1711479685\/PRODUTOS\/Da Lua Herbals\/tinturarias\/menopausa\/TINTURA-MENOPAUSA-100\/TINTURA-MENOPAUSA-100.webp?_i=AA",64,64,true]},"uagb_author_info":{"display_name":"Paulo Mesquita","author_link":"https:\/\/groow.pt\/author"},"uagb_comment_info":0,"uagb_excerpt":"Uma tintura de ervas medicinais completa para ajudar a realinhar o corpo em tempos de flutua\u00e7\u00e3o hormonal na transi\u00e7\u00e3o para a menopausa, bem como apoiar o sistema reprodutor feminino. Esta mistura pode ajudar a aliviar os sintomas desconfort\u00e1veis associados \u00e0 menopausa: ondas de calor, baixa libido, ganho de peso, dist\u00farbios do sono e altera\u00e7\u00f5es de&hellip;","brands":[{"id":113,"name":"Da Lua","slug":"da-lua"}],"_links":{"self":[{"href":"https:\/\/groow.pt\/index.php?rest_route=\/wp\/v2\/product\/719","targetHints":{"allow":["GET"]}}],"collection":[{"href":"https:\/\/groow.pt\/index.php?rest_route=\/wp\/v2\/product"}],"about":[{"href":"https:\/\/groow.pt\/index.php?rest_route=\/wp\/v2\/types\/product"}],"replies":[{"embeddable":true,"href":"https:\/\/groow.pt\/index.php?rest_route=%2Fwp%2Fv2%2Fcomments&post=719"}],"wp:featuredmedia":[{"embeddable":true,"href":"https:\/\/groow.pt\/index.php?rest_route=\/wp\/v2\/media\/52514"}],"wp:attachment":[{"href":"https:\/\/groow.pt\/index.php?rest_route=%2Fwp%2Fv2%2Fmedia&parent=719"}],"wp:term":[{"taxonomy":"pwb-brand","embeddable":true,"href":"https:\/\/groow.pt\/index.php?rest_route=%2Fwp%2Fv2%2Fpwb-brand&post=719"},{"taxonomy":"product_brand","embeddable":true,"href":"https:\/\/groow.pt\/index.php?rest_route=%2Fwp%2Fv2%2Fproduct_brand&post=719"},{"taxonomy":"product_cat","embeddable":true,"href":"https:\/\/groow.pt\/index.php?rest_route=%2Fwp%2Fv2%2Fproduct_cat&post=719"},{"taxonomy":"product_tag","embeddable":true,"href":"https:\/\/groow.pt\/index.php?rest_route=%2Fwp%2Fv2%2Fproduct_tag&post=719"}],"curies":[{"name":"wp","href":"https:\/\/api.w.org\/{rel}","templated":true}]}}