{"id":716,"date":"2024-01-29T12:28:03","date_gmt":"2024-01-29T12:28:03","guid":{"rendered":"https:\/\/store.groow.pt\/product\/mistura-de-vapor-yoni-20g\/"},"modified":"2024-04-01T20:59:12","modified_gmt":"2024-04-01T20:59:12","slug":"mistura-de-vapor-yoni-20g","status":"publish","type":"product","link":"https:\/\/groow.pt\/?product=mistura-de-vapor-yoni-20g","title":{"rendered":"Mistura de Vapor Yoni 20G"},"content":{"rendered":"<p>A vaporiza\u00e7\u00e3o Yoni \u00e9 uma pr\u00e1tica antiga e sagrada, encontrada na maioria das culturas tradicionais em todo o mundo.<br \/>\nComo uma sauna nutritiva para a vagina e o \u00fatero, ela limpa, tonifica e trata infec\u00e7\u00f5es e \u00e9 calmante, amorosa e curativa para feridas f\u00edsicas e emocionais. Funciona para reparar a nossa rela\u00e7\u00e3o com o feminino e tem propriedades hol\u00edsticas extraordin\u00e1rias.<br \/>\nEsta mistura espec\u00edfica de ervas ajuda a aliviar c\u00f3licas menstruais e incha\u00e7os. Apoia a regula\u00e7\u00e3o do ciclo menstrual, aumenta a fertilidade e tem propriedades antibacterianas e anti-inflamat\u00f3rias. Tamb\u00e9m \u00e9 um \u00f3timo toner para os m\u00fasculos do \u00fatero. (Misturas de cura espec\u00edficas podem ser personalizadas mediante solicita\u00e7\u00e3o. Tenha em mente que a maioria das plantas s\u00e3o sazonais e, portanto, nem todas as misturas est\u00e3o dispon\u00edveis durante todo o ano.)<br \/>\nDica: O uso mensal prolongado desta Mistura de Vapor Yoni junto com o uso regular do Balsamo Yoni produz resultados surpreendentes.<br \/>\nEncontrar\u00e1s o Mistura de Vapor Yoni como parte do Kit \u00c1gua ou na Moon Box, duas lindas caixas de presente recheadas de itens artesanais.<br \/>\nPropriedades do Yoni Steaming:<br \/>\n\u2013 Alivia e reduz significativamente as c\u00f3licas menstruais e o incha\u00e7o<br \/>\n\u2013 Regula ciclos menstruais irregulares ou ausentes<br \/>\n\u2013 Regula o fluxo menstrual e reduz obstru\u00e7\u00f5es sangu\u00edneas escuras\/marrons no in\u00edcio ou no final da menstrua\u00e7\u00e3o<br \/>\n\u2013 Possui propriedades antibacterianas e anti-inflamat\u00f3rias<br \/>\n\u2013 Ajuda a tratar infec\u00e7\u00f5es vaginais\/f\u00fangicas cr\u00f4nicas e a manter um odor saud\u00e1vel<br \/>\n\u2013 Ajuda a tratar miomas uterinos, cistos ovarianos, fadiga\/fraqueza uterina e prolapso<br \/>\n\u2013 Acelera a cura e tonifica o sistema reprodutivo ap\u00f3s o nascimento<br \/>\n\u2013 Aumenta o desejo sexual e tonifica os m\u00fasculos vaginais<br \/>\n\u2013 Aumenta a fertilidade<\/p>\n<p>Dosagem e uso<br \/>\nCriar um espa\u00e7o calmo e acolhedor, acender uma vela ou um incenso.<br \/>\nFerver 1L de \u00e1gua, fazer uma infus\u00e3o com 1-2 colheres de ch\u00e1 do da mistura e colocar numa tigela ou pote (de prefer\u00eancia de barro).<br \/>\nQuando o vapor estiver morno, agachar sobre a tigela sem roupa \u00edntima. Cobrir-se da cintura para baixo (com saia longa, vestido ou manta), mantendo o vapor das ervas bem pr\u00f3ximo \u00e0 entrada da vagina (\u00e9 poss\u00edvel pode agachar, apoiar os joelhos em almofadas, ou encostar-se em uma cadeira ou criar uma banco yoni com furo no assento).<br \/>\nFechar os olhos, sintonizar-se e desfrutar do momento suave de autocuidado e presen\u00e7a total, por 10-20min ou at\u00e9 o vapor come\u00e7ar a esfriar.<\/p>\n<p>Ingredientes<br \/>\nTipo A) Helichrysum, s\u00e1lvia, casca de milho, cal\u00eandula, tanchagem, amaranto e c\u00e2nhamo.<br \/>\nTipo B) S\u00e1lvia, casca de milho, cal\u00eandula, alcachofra, amaranto e p\u00e9talas de jasmim.<\/p>\n<p>Contra-indica\u00e7\u00f5es<br \/>\nEvitar usar durante a gravidez ou durante a menstrua\u00e7\u00e3o. Mulheres com DIU n\u00e3o devem cozinhar por mais de 10 a 15 minutos. Em caso de fluxo menstrual intenso, evitar na fase pr\u00e9-menstrual.<\/p>\n<p>Feito \u00e0 m\u00e3o em pequenos lotes com ingredientes org\u00e2nicos, locais e de com\u00e9rcio justo. N\u00e3o cont\u00e9m corantes ou conservantes artificiais. Colhido selvagem e\/ou de origem biol\u00f3gica. Com amor, em Portugal.<\/p>\n","protected":false},"excerpt":{"rendered":"<p>A vaporiza\u00e7\u00e3o Yoni \u00e9 uma pr\u00e1tica antiga e sagrada, encontrada na maioria das culturas tradicionais em todo o mundo. Como uma sauna nutritiva para a vagina e o \u00fatero, ela limpa, tonifica e trata infec\u00e7\u00f5es e \u00e9 calmante, amorosa e curativa para feridas f\u00edsicas e emocionais. Funciona para reparar a nossa rela\u00e7\u00e3o com o feminino [&hellip;]<\/p>\n","protected":false},"featured_media":52632,"comment_status":"open","ping_status":"closed","template":"","meta":{"content-type":"","_uag_custom_page_level_css":"","site-sidebar-layout":"default","site-content-layout":"","ast-site-content-layout":"default","site-content-style":"default","site-sidebar-style":"default","ast-global-header-display":"","ast-banner-title-visibility":"","ast-main-header-display":"","ast-hfb-above-header-display":"","ast-hfb-below-header-display":"","ast-hfb-mobile-header-display":"","site-post-title":"","ast-breadcrumbs-content":"","ast-featured-img":"","footer-sml-layout":"","ast-disable-related-posts":"","theme-transparent-header-meta":"default","adv-header-id-meta":"","stick-header-meta":"","header-above-stick-meta":"","header-main-stick-meta":"","header-below-stick-meta":"","astra-migrate-meta-layouts":"set","ast-page-background-enabled":"default","ast-page-background-meta":{"desktop":{"background-color":"var(--ast-global-color-4)","background-image":"","background-repeat":"repeat","background-position":"center center","background-size":"auto","background-attachment":"scroll","background-type":"","background-media":"","overlay-type":"","overlay-color":"","overlay-opacity":"","overlay-gradient":""},"tablet":{"background-color":"","background-image":"","background-repeat":"repeat","background-position":"center center","background-size":"auto","background-attachment":"scroll","background-type":"","background-media":"","overlay-type":"","overlay-color":"","overlay-opacity":"","overlay-gradient":""},"mobile":{"background-color":"","background-image":"","background-repeat":"repeat","background-position":"center center","background-size":"auto","background-attachment":"scroll","background-type":"","background-media":"","overlay-type":"","overlay-color":"","overlay-opacity":"","overlay-gradient":""}},"ast-content-background-meta":{"desktop":{"background-color":"var(--ast-global-color-5)","background-image":"","background-repeat":"repeat","background-position":"center center","background-size":"auto","background-attachment":"scroll","background-type":"","background-media":"","overlay-type":"","overlay-color":"","overlay-opacity":"","overlay-gradient":""},"tablet":{"background-color":"var(--ast-global-color-5)","background-image":"","background-repeat":"repeat","background-position":"center center","background-size":"auto","background-attachment":"scroll","background-type":"","background-media":"","overlay-type":"","overlay-color":"","overlay-opacity":"","overlay-gradient":""},"mobile":{"background-color":"var(--ast-global-color-5)","background-image":"","background-repeat":"repeat","background-position":"center center","background-size":"auto","background-attachment":"scroll","background-type":"","background-media":"","overlay-type":"","overlay-color":"","overlay-opacity":"","overlay-gradient":""}},"_cloudinary_featured_overwrite":false},"pwb-brand":[113],"product_brand":[],"product_cat":[47,66,28],"product_tag":[],"class_list":{"0":"post-716","1":"product","2":"type-product","3":"status-publish","4":"has-post-thumbnail","6":"pwb-brand-da-lua","7":"product_cat-bem-estar","8":"product_cat-cuidado-corporal","9":"product_cat-produtos","10":"desktop-align-left","11":"tablet-align-left","12":"mobile-align-left","14":"first","15":"instock","16":"taxable","17":"shipping-taxable","18":"purchasable","19":"product-type-simple"},"uagb_featured_image_src":{"full":["https:\/\/res.cloudinary.com\/groow\/images\/f_auto,q_auto\/v1711475847\/PRODUTOS\/Da Lua Herbals\/bem_estar\/vapor_yoni\/VAPOR-YONI\/VAPOR-YONI.webp?_i=AA",1024,1024,false],"thumbnail":["https:\/\/res.cloudinary.com\/groow\/images\/w_150,h_150,c_fill,g_auto\/f_auto,q_auto\/v1711475847\/PRODUTOS\/Da Lua Herbals\/bem_estar\/vapor_yoni\/VAPOR-YONI\/VAPOR-YONI.webp?_i=AA",150,150,true],"medium":["https:\/\/res.cloudinary.com\/groow\/images\/w_300,h_300,c_scale\/f_auto,q_auto\/v1711475847\/PRODUTOS\/Da Lua Herbals\/bem_estar\/vapor_yoni\/VAPOR-YONI\/VAPOR-YONI.webp?_i=AA",300,300,true],"medium_large":["https:\/\/res.cloudinary.com\/groow\/images\/w_768,h_768,c_fill,g_auto\/f_auto,q_auto\/v1711475847\/PRODUTOS\/Da Lua Herbals\/bem_estar\/vapor_yoni\/VAPOR-YONI\/VAPOR-YONI.webp?_i=AA",768,768,true],"large":["https:\/\/res.cloudinary.com\/groow\/images\/f_auto,q_auto\/v1711475847\/PRODUTOS\/Da Lua Herbals\/bem_estar\/vapor_yoni\/VAPOR-YONI\/VAPOR-YONI.webp?_i=AA",1024,1024,false],"1536x1536":["https:\/\/res.cloudinary.com\/groow\/images\/f_auto,q_auto\/v1711475847\/PRODUTOS\/Da Lua Herbals\/bem_estar\/vapor_yoni\/VAPOR-YONI\/VAPOR-YONI.webp?_i=AA",1024,1024,false],"2048x2048":["https:\/\/res.cloudinary.com\/groow\/images\/f_auto,q_auto\/v1711475847\/PRODUTOS\/Da Lua Herbals\/bem_estar\/vapor_yoni\/VAPOR-YONI\/VAPOR-YONI.webp?_i=AA",1024,1024,false],"trp-custom-language-flag":["https:\/\/res.cloudinary.com\/groow\/images\/w_12,h_12,c_fill,g_auto\/f_auto,q_auto\/v1711475847\/PRODUTOS\/Da Lua Herbals\/bem_estar\/vapor_yoni\/VAPOR-YONI\/VAPOR-YONI.webp?_i=AA",12,12,true],"woocommerce_thumbnail":["https:\/\/res.cloudinary.com\/groow\/images\/w_300,h_300,c_scale\/f_auto,q_auto\/v1711475847\/PRODUTOS\/Da Lua Herbals\/bem_estar\/vapor_yoni\/VAPOR-YONI\/VAPOR-YONI.webp?_i=AA",300,300,true],"woocommerce_single":["https:\/\/res.cloudinary.com\/groow\/images\/w_600,h_600,c_fill,g_auto\/f_auto,q_auto\/v1711475847\/PRODUTOS\/Da Lua Herbals\/bem_estar\/vapor_yoni\/VAPOR-YONI\/VAPOR-YONI.webp?_i=AA",600,600,true],"woocommerce_gallery_thumbnail":["https:\/\/res.cloudinary.com\/groow\/images\/w_100,h_100,c_fill,g_auto\/f_auto,q_auto\/v1711475847\/PRODUTOS\/Da Lua Herbals\/bem_estar\/vapor_yoni\/VAPOR-YONI\/VAPOR-YONI.webp?_i=AA",100,100,true],"dgwt-wcas-product-suggestion":["https:\/\/res.cloudinary.com\/groow\/images\/w_64,h_64,c_fill,g_auto\/f_auto,q_auto\/v1711475847\/PRODUTOS\/Da Lua Herbals\/bem_estar\/vapor_yoni\/VAPOR-YONI\/VAPOR-YONI.webp?_i=AA",64,64,true]},"uagb_author_info":{"display_name":"Paulo Mesquita","author_link":"https:\/\/groow.pt\/author"},"uagb_comment_info":0,"uagb_excerpt":"A vaporiza\u00e7\u00e3o Yoni \u00e9 uma pr\u00e1tica antiga e sagrada, encontrada na maioria das culturas tradicionais em todo o mundo. Como uma sauna nutritiva para a vagina e o \u00fatero, ela limpa, tonifica e trata infec\u00e7\u00f5es e \u00e9 calmante, amorosa e curativa para feridas f\u00edsicas e emocionais. Funciona para reparar a nossa rela\u00e7\u00e3o com o feminino&hellip;","brands":[{"id":113,"name":"Da Lua","slug":"da-lua"}],"_links":{"self":[{"href":"https:\/\/groow.pt\/index.php?rest_route=\/wp\/v2\/product\/716","targetHints":{"allow":["GET"]}}],"collection":[{"href":"https:\/\/groow.pt\/index.php?rest_route=\/wp\/v2\/product"}],"about":[{"href":"https:\/\/groow.pt\/index.php?rest_route=\/wp\/v2\/types\/product"}],"replies":[{"embeddable":true,"href":"https:\/\/groow.pt\/index.php?rest_route=%2Fwp%2Fv2%2Fcomments&post=716"}],"wp:featuredmedia":[{"embeddable":true,"href":"https:\/\/groow.pt\/index.php?rest_route=\/wp\/v2\/media\/52632"}],"wp:attachment":[{"href":"https:\/\/groow.pt\/index.php?rest_route=%2Fwp%2Fv2%2Fmedia&parent=716"}],"wp:term":[{"taxonomy":"pwb-brand","embeddable":true,"href":"https:\/\/groow.pt\/index.php?rest_route=%2Fwp%2Fv2%2Fpwb-brand&post=716"},{"taxonomy":"product_brand","embeddable":true,"href":"https:\/\/groow.pt\/index.php?rest_route=%2Fwp%2Fv2%2Fproduct_brand&post=716"},{"taxonomy":"product_cat","embeddable":true,"href":"https:\/\/groow.pt\/index.php?rest_route=%2Fwp%2Fv2%2Fproduct_cat&post=716"},{"taxonomy":"product_tag","embeddable":true,"href":"https:\/\/groow.pt\/index.php?rest_route=%2Fwp%2Fv2%2Fproduct_tag&post=716"}],"curies":[{"name":"wp","href":"https:\/\/api.w.org\/{rel}","templated":true}]}}