{"id":712,"date":"2024-01-29T12:28:03","date_gmt":"2024-01-29T12:28:03","guid":{"rendered":"https:\/\/store.groow.pt\/product\/tintura-relaxante-30ml\/"},"modified":"2024-04-01T20:59:12","modified_gmt":"2024-04-01T20:59:12","slug":"tintura-relaxante-30ml","status":"publish","type":"product","link":"https:\/\/groow.pt\/?product=tintura-relaxante-30ml","title":{"rendered":"Tintura Relaxante 30mL"},"content":{"rendered":"<p>Uma maravilhosa f\u00f3rmula \u00e0 base de ervas usada para acalmar, acalmar e relaxar todo o corpo e mente, ajudando a adormecer com mais facilidade.<br \/>\nRelaxa e alivia a ansiedade com esta combina\u00e7\u00e3o de t\u00f3nicos fitoterap\u00eauticos e adapt\u00f3genos que apoiar\u00e3o o sistema nervoso e ajudar\u00e3o o corpo a lidar com o stress.<br \/>\nEsta tintura floral acalma sintomas de ansiedade, stress e ins\u00f3nia e problemas digestivos relacionados ao sistema nervoso.<br \/>\nDosagem e uso<br \/>\n7 gotas ap\u00f3s as refei\u00e7\u00f5es, 3x ao dia. \u00c0 noite pode ser tomada uma dose mais elevada, at\u00e9 28 gotas.<br \/>\nSe for tomado durante 21 dias seguidos, fazer uma pausa de 5 dias antes de reiniciar.<\/p>\n<p>Agitar antes de usar. Colocar as gotas num copo de \u00e1gua\/sumo\/ch\u00e1 ou diretamente sob a l\u00edngua. Para uso interno. Para orienta\u00e7\u00f5es personalizadas e dosagem espec\u00edfica entre em contato com a Da Lua.<br \/>\nIngredientes<br \/>\nCamomila org\u00e2nica, l\u00fapulo, jasmim, lavanda, erva-lim\u00e3o, t\u00edlia, maracuj\u00e1 e raiz de valeriana macerados em \u00e1lcool org\u00e2nico e \u00e1gua de nascente solarizada.<br \/>\nContra-indica\u00e7\u00f5es<br \/>\nEm pequenas doses ao tomar antidepressivos (o maracuj\u00e1 regula o sistema card\u00edaco).<br \/>\nDeve ser evitado em conjunto com outros sedativos sint\u00e9ticos do sistema nervoso (a valeriana deprime o sistema nervoso e deve, portanto, ser evitada em casos de ins\u00f3nia por depress\u00e3o).<\/p>\n<p>Evitar usar durante a gravidez e durante a amamenta\u00e7\u00e3o.<\/p>\n<p>Feito \u00e0 m\u00e3o em pequenos lotes com ingredientes org\u00e2nicos, locais e de com\u00e9rcio justo. N\u00e3o cont\u00e9m corantes ou conservantes artificiais. Colhido selvagem e\/ou de origem biol\u00f3gica. Com amor, em Portugal.<\/p>\n","protected":false},"excerpt":{"rendered":"<p>Uma maravilhosa f\u00f3rmula \u00e0 base de ervas usada para acalmar, acalmar e relaxar todo o corpo e mente, ajudando a adormecer com mais facilidade. Relaxa e alivia a ansiedade com esta combina\u00e7\u00e3o de t\u00f3nicos fitoterap\u00eauticos e adapt\u00f3genos que apoiar\u00e3o o sistema nervoso e ajudar\u00e3o o corpo a lidar com o stress. Esta tintura floral acalma [&hellip;]<\/p>\n","protected":false},"featured_media":52509,"comment_status":"open","ping_status":"closed","template":"","meta":{"content-type":"","_uag_custom_page_level_css":"","site-sidebar-layout":"default","site-content-layout":"","ast-site-content-layout":"default","site-content-style":"default","site-sidebar-style":"default","ast-global-header-display":"","ast-banner-title-visibility":"","ast-main-header-display":"","ast-hfb-above-header-display":"","ast-hfb-below-header-display":"","ast-hfb-mobile-header-display":"","site-post-title":"","ast-breadcrumbs-content":"","ast-featured-img":"","footer-sml-layout":"","ast-disable-related-posts":"","theme-transparent-header-meta":"default","adv-header-id-meta":"","stick-header-meta":"","header-above-stick-meta":"","header-main-stick-meta":"","header-below-stick-meta":"","astra-migrate-meta-layouts":"set","ast-page-background-enabled":"default","ast-page-background-meta":{"desktop":{"background-color":"var(--ast-global-color-4)","background-image":"","background-repeat":"repeat","background-position":"center center","background-size":"auto","background-attachment":"scroll","background-type":"","background-media":"","overlay-type":"","overlay-color":"","overlay-opacity":"","overlay-gradient":""},"tablet":{"background-color":"","background-image":"","background-repeat":"repeat","background-position":"center center","background-size":"auto","background-attachment":"scroll","background-type":"","background-media":"","overlay-type":"","overlay-color":"","overlay-opacity":"","overlay-gradient":""},"mobile":{"background-color":"","background-image":"","background-repeat":"repeat","background-position":"center center","background-size":"auto","background-attachment":"scroll","background-type":"","background-media":"","overlay-type":"","overlay-color":"","overlay-opacity":"","overlay-gradient":""}},"ast-content-background-meta":{"desktop":{"background-color":"var(--ast-global-color-5)","background-image":"","background-repeat":"repeat","background-position":"center center","background-size":"auto","background-attachment":"scroll","background-type":"","background-media":"","overlay-type":"","overlay-color":"","overlay-opacity":"","overlay-gradient":""},"tablet":{"background-color":"var(--ast-global-color-5)","background-image":"","background-repeat":"repeat","background-position":"center center","background-size":"auto","background-attachment":"scroll","background-type":"","background-media":"","overlay-type":"","overlay-color":"","overlay-opacity":"","overlay-gradient":""},"mobile":{"background-color":"var(--ast-global-color-5)","background-image":"","background-repeat":"repeat","background-position":"center center","background-size":"auto","background-attachment":"scroll","background-type":"","background-media":"","overlay-type":"","overlay-color":"","overlay-opacity":"","overlay-gradient":""}},"_cloudinary_featured_overwrite":false},"pwb-brand":[113],"product_brand":[],"product_cat":[47,28,67],"product_tag":[],"class_list":{"0":"post-712","1":"product","2":"type-product","3":"status-publish","4":"has-post-thumbnail","6":"pwb-brand-da-lua","7":"product_cat-bem-estar","8":"product_cat-produtos","9":"product_cat-tinturas-suplementos","10":"desktop-align-left","11":"tablet-align-left","12":"mobile-align-left","14":"first","15":"instock","16":"taxable","17":"shipping-taxable","18":"purchasable","19":"product-type-simple"},"uagb_featured_image_src":{"full":["https:\/\/res.cloudinary.com\/groow\/images\/f_auto,q_auto\/v1711479796\/PRODUTOS\/Da Lua Herbals\/tinturarias\/relaxar\/TINTURA-RELAX-30\/TINTURA-RELAX-30.webp?_i=AA",900,900,false],"thumbnail":["https:\/\/res.cloudinary.com\/groow\/images\/w_150,h_150,c_fill,g_auto\/f_auto,q_auto\/v1711479796\/PRODUTOS\/Da Lua Herbals\/tinturarias\/relaxar\/TINTURA-RELAX-30\/TINTURA-RELAX-30.webp?_i=AA",150,150,true],"medium":["https:\/\/res.cloudinary.com\/groow\/images\/w_300,h_300,c_scale\/f_auto,q_auto\/v1711479796\/PRODUTOS\/Da Lua Herbals\/tinturarias\/relaxar\/TINTURA-RELAX-30\/TINTURA-RELAX-30.webp?_i=AA",300,300,true],"medium_large":["https:\/\/res.cloudinary.com\/groow\/images\/w_768,h_768,c_fill,g_auto\/f_auto,q_auto\/v1711479796\/PRODUTOS\/Da Lua Herbals\/tinturarias\/relaxar\/TINTURA-RELAX-30\/TINTURA-RELAX-30.webp?_i=AA",768,768,true],"large":["https:\/\/res.cloudinary.com\/groow\/images\/f_auto,q_auto\/v1711479796\/PRODUTOS\/Da Lua Herbals\/tinturarias\/relaxar\/TINTURA-RELAX-30\/TINTURA-RELAX-30.webp?_i=AA",900,900,false],"1536x1536":["https:\/\/res.cloudinary.com\/groow\/images\/f_auto,q_auto\/v1711479796\/PRODUTOS\/Da Lua Herbals\/tinturarias\/relaxar\/TINTURA-RELAX-30\/TINTURA-RELAX-30.webp?_i=AA",900,900,false],"2048x2048":["https:\/\/res.cloudinary.com\/groow\/images\/f_auto,q_auto\/v1711479796\/PRODUTOS\/Da Lua Herbals\/tinturarias\/relaxar\/TINTURA-RELAX-30\/TINTURA-RELAX-30.webp?_i=AA",900,900,false],"trp-custom-language-flag":["https:\/\/res.cloudinary.com\/groow\/images\/w_12,h_12,c_fill,g_auto\/f_auto,q_auto\/v1711479796\/PRODUTOS\/Da Lua Herbals\/tinturarias\/relaxar\/TINTURA-RELAX-30\/TINTURA-RELAX-30.webp?_i=AA",12,12,true],"woocommerce_thumbnail":["https:\/\/res.cloudinary.com\/groow\/images\/w_300,h_300,c_scale\/f_auto,q_auto\/v1711479796\/PRODUTOS\/Da Lua Herbals\/tinturarias\/relaxar\/TINTURA-RELAX-30\/TINTURA-RELAX-30.webp?_i=AA",300,300,true],"woocommerce_single":["https:\/\/res.cloudinary.com\/groow\/images\/w_600,h_600,c_fill,g_auto\/f_auto,q_auto\/v1711479796\/PRODUTOS\/Da Lua Herbals\/tinturarias\/relaxar\/TINTURA-RELAX-30\/TINTURA-RELAX-30.webp?_i=AA",600,600,true],"woocommerce_gallery_thumbnail":["https:\/\/res.cloudinary.com\/groow\/images\/w_100,h_100,c_fill,g_auto\/f_auto,q_auto\/v1711479796\/PRODUTOS\/Da Lua Herbals\/tinturarias\/relaxar\/TINTURA-RELAX-30\/TINTURA-RELAX-30.webp?_i=AA",100,100,true],"dgwt-wcas-product-suggestion":["https:\/\/res.cloudinary.com\/groow\/images\/w_64,h_64,c_fill,g_auto\/f_auto,q_auto\/v1711479796\/PRODUTOS\/Da Lua Herbals\/tinturarias\/relaxar\/TINTURA-RELAX-30\/TINTURA-RELAX-30.webp?_i=AA",64,64,true]},"uagb_author_info":{"display_name":"Paulo Mesquita","author_link":"https:\/\/groow.pt\/author"},"uagb_comment_info":0,"uagb_excerpt":"Uma maravilhosa f\u00f3rmula \u00e0 base de ervas usada para acalmar, acalmar e relaxar todo o corpo e mente, ajudando a adormecer com mais facilidade. Relaxa e alivia a ansiedade com esta combina\u00e7\u00e3o de t\u00f3nicos fitoterap\u00eauticos e adapt\u00f3genos que apoiar\u00e3o o sistema nervoso e ajudar\u00e3o o corpo a lidar com o stress. Esta tintura floral acalma&hellip;","brands":[{"id":113,"name":"Da Lua","slug":"da-lua"}],"_links":{"self":[{"href":"https:\/\/groow.pt\/index.php?rest_route=\/wp\/v2\/product\/712","targetHints":{"allow":["GET"]}}],"collection":[{"href":"https:\/\/groow.pt\/index.php?rest_route=\/wp\/v2\/product"}],"about":[{"href":"https:\/\/groow.pt\/index.php?rest_route=\/wp\/v2\/types\/product"}],"replies":[{"embeddable":true,"href":"https:\/\/groow.pt\/index.php?rest_route=%2Fwp%2Fv2%2Fcomments&post=712"}],"wp:featuredmedia":[{"embeddable":true,"href":"https:\/\/groow.pt\/index.php?rest_route=\/wp\/v2\/media\/52509"}],"wp:attachment":[{"href":"https:\/\/groow.pt\/index.php?rest_route=%2Fwp%2Fv2%2Fmedia&parent=712"}],"wp:term":[{"taxonomy":"pwb-brand","embeddable":true,"href":"https:\/\/groow.pt\/index.php?rest_route=%2Fwp%2Fv2%2Fpwb-brand&post=712"},{"taxonomy":"product_brand","embeddable":true,"href":"https:\/\/groow.pt\/index.php?rest_route=%2Fwp%2Fv2%2Fproduct_brand&post=712"},{"taxonomy":"product_cat","embeddable":true,"href":"https:\/\/groow.pt\/index.php?rest_route=%2Fwp%2Fv2%2Fproduct_cat&post=712"},{"taxonomy":"product_tag","embeddable":true,"href":"https:\/\/groow.pt\/index.php?rest_route=%2Fwp%2Fv2%2Fproduct_tag&post=712"}],"curies":[{"name":"wp","href":"https:\/\/api.w.org\/{rel}","templated":true}]}}