{"id":710,"date":"2024-01-29T12:28:02","date_gmt":"2024-01-29T12:28:02","guid":{"rendered":"https:\/\/store.groow.pt\/product\/balsamo-magico-100ml\/"},"modified":"2024-04-01T21:00:33","modified_gmt":"2024-04-01T21:00:33","slug":"balsamo-magico-100ml","status":"publish","type":"product","link":"https:\/\/groow.pt\/?product=balsamo-magico-100ml","title":{"rendered":"B\u00e1lsamo M\u00e1gico 100mL"},"content":{"rendered":"<p>Este b\u00e1lsamo de primeiros socorros acelera gentilmente o processo de cicatriza\u00e7\u00e3o de picadas de insetos, queimaduras, queimaduras solares e cicatrizes. Interrompe o sangramento em cortes e atua como cicatrizante de feridas, prevenindo infec\u00e7\u00f5es.<br \/>\nCom a sua mistura de ervas medicinais, \u00e9 o hidratante de pele perfeito em casos de alergias cut\u00e2neas. Trata problemas de pele como acne, erup\u00e7\u00f5es cut\u00e2neas, dermatites, espinhas, psor\u00edase, micoses e eczemas.<br \/>\nDosagem e uso<br \/>\nAplicar cuidadosamente (em feridas abertas, lavar primeiro qualquer sujidade ou res\u00edduos). Aplique novamente assim que o b\u00e1lsamo for absorvido.<br \/>\nSomente para uso externo. Para orienta\u00e7\u00f5es personalizadas e dosagem espec\u00edfica entre em contato com Irene.<br \/>\nIngredientes<br \/>\nCera de abelha org\u00e2nica*, \u00f3leo de am\u00eandoa doce*, azeite extra virgem*, \u00f3leo essencial de ger\u00e2nio*, \u00f3leo essencial de lavanda* e vitamina E. Com tintura e macera\u00e7\u00e3o de \u00f3leo de mil-folhas org\u00e2nico*, tanchagem*, confrei*, camomila*, ger\u00e2nio* e cal\u00eandula*.<br \/>\nFeito \u00e0 m\u00e3o em pequenos lotes com ingredientes org\u00e2nicos, locais e de com\u00e9rcio justo. N\u00e3o cont\u00e9m corantes ou conservantes artificiais. Colhido selvagem e\/ou de origem biol\u00f3gica. Com amor, em Portugal.<\/p>\n","protected":false},"excerpt":{"rendered":"<p>Este b\u00e1lsamo de primeiros socorros acelera gentilmente o processo de cicatriza\u00e7\u00e3o de picadas de insetos, queimaduras, queimaduras solares e cicatrizes. Interrompe o sangramento em cortes e atua como cicatrizante de feridas, prevenindo infec\u00e7\u00f5es. Com a sua mistura de ervas medicinais, \u00e9 o hidratante de pele perfeito em casos de alergias cut\u00e2neas. Trata problemas de pele [&hellip;]<\/p>\n","protected":false},"featured_media":51743,"comment_status":"open","ping_status":"closed","template":"","meta":{"content-type":"","_uag_custom_page_level_css":"","site-sidebar-layout":"default","site-content-layout":"","ast-site-content-layout":"default","site-content-style":"default","site-sidebar-style":"default","ast-global-header-display":"","ast-banner-title-visibility":"","ast-main-header-display":"","ast-hfb-above-header-display":"","ast-hfb-below-header-display":"","ast-hfb-mobile-header-display":"","site-post-title":"","ast-breadcrumbs-content":"","ast-featured-img":"","footer-sml-layout":"","ast-disable-related-posts":"","theme-transparent-header-meta":"default","adv-header-id-meta":"","stick-header-meta":"","header-above-stick-meta":"","header-main-stick-meta":"","header-below-stick-meta":"","astra-migrate-meta-layouts":"set","ast-page-background-enabled":"default","ast-page-background-meta":{"desktop":{"background-color":"var(--ast-global-color-4)","background-image":"","background-repeat":"repeat","background-position":"center center","background-size":"auto","background-attachment":"scroll","background-type":"","background-media":"","overlay-type":"","overlay-color":"","overlay-opacity":"","overlay-gradient":""},"tablet":{"background-color":"","background-image":"","background-repeat":"repeat","background-position":"center center","background-size":"auto","background-attachment":"scroll","background-type":"","background-media":"","overlay-type":"","overlay-color":"","overlay-opacity":"","overlay-gradient":""},"mobile":{"background-color":"","background-image":"","background-repeat":"repeat","background-position":"center center","background-size":"auto","background-attachment":"scroll","background-type":"","background-media":"","overlay-type":"","overlay-color":"","overlay-opacity":"","overlay-gradient":""}},"ast-content-background-meta":{"desktop":{"background-color":"var(--ast-global-color-5)","background-image":"","background-repeat":"repeat","background-position":"center center","background-size":"auto","background-attachment":"scroll","background-type":"","background-media":"","overlay-type":"","overlay-color":"","overlay-opacity":"","overlay-gradient":""},"tablet":{"background-color":"var(--ast-global-color-5)","background-image":"","background-repeat":"repeat","background-position":"center center","background-size":"auto","background-attachment":"scroll","background-type":"","background-media":"","overlay-type":"","overlay-color":"","overlay-opacity":"","overlay-gradient":""},"mobile":{"background-color":"var(--ast-global-color-5)","background-image":"","background-repeat":"repeat","background-position":"center center","background-size":"auto","background-attachment":"scroll","background-type":"","background-media":"","overlay-type":"","overlay-color":"","overlay-opacity":"","overlay-gradient":""}},"_cloudinary_featured_overwrite":false},"pwb-brand":[113],"product_brand":[],"product_cat":[47,66,28],"product_tag":[],"class_list":{"0":"post-710","1":"product","2":"type-product","3":"status-publish","4":"has-post-thumbnail","6":"pwb-brand-da-lua","7":"product_cat-bem-estar","8":"product_cat-cuidado-corporal","9":"product_cat-produtos","10":"desktop-align-left","11":"tablet-align-left","12":"mobile-align-left","14":"first","15":"instock","16":"taxable","17":"shipping-taxable","18":"purchasable","19":"product-type-variable"},"uagb_featured_image_src":{"full":["https:\/\/res.cloudinary.com\/groow\/images\/f_auto,q_auto\/v1711475642\/PRODUTOS\/Da Lua Herbals\/pele_cabelos\/balsamo_magico\/BALSAMO-MAGICO_bpuel8\/BALSAMO-MAGICO_bpuel8.webp?_i=AA",836,836,false],"thumbnail":["https:\/\/res.cloudinary.com\/groow\/images\/w_150,h_150,c_fill,g_auto\/f_auto,q_auto\/v1711475642\/PRODUTOS\/Da Lua Herbals\/pele_cabelos\/balsamo_magico\/BALSAMO-MAGICO_bpuel8\/BALSAMO-MAGICO_bpuel8.webp?_i=AA",150,150,true],"medium":["https:\/\/res.cloudinary.com\/groow\/images\/w_300,h_300,c_scale\/f_auto,q_auto\/v1711475642\/PRODUTOS\/Da Lua Herbals\/pele_cabelos\/balsamo_magico\/BALSAMO-MAGICO_bpuel8\/BALSAMO-MAGICO_bpuel8.webp?_i=AA",300,300,true],"medium_large":["https:\/\/res.cloudinary.com\/groow\/images\/w_768,h_768,c_fill,g_auto\/f_auto,q_auto\/v1711475642\/PRODUTOS\/Da Lua Herbals\/pele_cabelos\/balsamo_magico\/BALSAMO-MAGICO_bpuel8\/BALSAMO-MAGICO_bpuel8.webp?_i=AA",768,768,true],"large":["https:\/\/res.cloudinary.com\/groow\/images\/f_auto,q_auto\/v1711475642\/PRODUTOS\/Da Lua Herbals\/pele_cabelos\/balsamo_magico\/BALSAMO-MAGICO_bpuel8\/BALSAMO-MAGICO_bpuel8.webp?_i=AA",836,836,false],"1536x1536":["https:\/\/res.cloudinary.com\/groow\/images\/f_auto,q_auto\/v1711475642\/PRODUTOS\/Da Lua Herbals\/pele_cabelos\/balsamo_magico\/BALSAMO-MAGICO_bpuel8\/BALSAMO-MAGICO_bpuel8.webp?_i=AA",836,836,false],"2048x2048":["https:\/\/res.cloudinary.com\/groow\/images\/f_auto,q_auto\/v1711475642\/PRODUTOS\/Da Lua Herbals\/pele_cabelos\/balsamo_magico\/BALSAMO-MAGICO_bpuel8\/BALSAMO-MAGICO_bpuel8.webp?_i=AA",836,836,false],"trp-custom-language-flag":["https:\/\/res.cloudinary.com\/groow\/images\/w_12,h_12,c_fill,g_auto\/f_auto,q_auto\/v1711475642\/PRODUTOS\/Da Lua Herbals\/pele_cabelos\/balsamo_magico\/BALSAMO-MAGICO_bpuel8\/BALSAMO-MAGICO_bpuel8.webp?_i=AA",12,12,true],"woocommerce_thumbnail":["https:\/\/res.cloudinary.com\/groow\/images\/w_300,h_300,c_scale\/f_auto,q_auto\/v1711475642\/PRODUTOS\/Da Lua Herbals\/pele_cabelos\/balsamo_magico\/BALSAMO-MAGICO_bpuel8\/BALSAMO-MAGICO_bpuel8.webp?_i=AA",300,300,true],"woocommerce_single":["https:\/\/res.cloudinary.com\/groow\/images\/w_600,h_600,c_fill,g_auto\/f_auto,q_auto\/v1711475642\/PRODUTOS\/Da Lua Herbals\/pele_cabelos\/balsamo_magico\/BALSAMO-MAGICO_bpuel8\/BALSAMO-MAGICO_bpuel8.webp?_i=AA",600,600,true],"woocommerce_gallery_thumbnail":["https:\/\/res.cloudinary.com\/groow\/images\/w_100,h_100,c_fill,g_auto\/f_auto,q_auto\/v1711475642\/PRODUTOS\/Da Lua Herbals\/pele_cabelos\/balsamo_magico\/BALSAMO-MAGICO_bpuel8\/BALSAMO-MAGICO_bpuel8.webp?_i=AA",100,100,true],"dgwt-wcas-product-suggestion":["https:\/\/res.cloudinary.com\/groow\/images\/w_64,h_64,c_fill,g_auto\/f_auto,q_auto\/v1711475642\/PRODUTOS\/Da Lua Herbals\/pele_cabelos\/balsamo_magico\/BALSAMO-MAGICO_bpuel8\/BALSAMO-MAGICO_bpuel8.webp?_i=AA",64,64,true]},"uagb_author_info":{"display_name":"Paulo Mesquita","author_link":"https:\/\/groow.pt\/author"},"uagb_comment_info":0,"uagb_excerpt":"Este b\u00e1lsamo de primeiros socorros acelera gentilmente o processo de cicatriza\u00e7\u00e3o de picadas de insetos, queimaduras, queimaduras solares e cicatrizes. Interrompe o sangramento em cortes e atua como cicatrizante de feridas, prevenindo infec\u00e7\u00f5es. Com a sua mistura de ervas medicinais, \u00e9 o hidratante de pele perfeito em casos de alergias cut\u00e2neas. Trata problemas de pele&hellip;","brands":[{"id":113,"name":"Da Lua","slug":"da-lua"}],"_links":{"self":[{"href":"https:\/\/groow.pt\/index.php?rest_route=\/wp\/v2\/product\/710","targetHints":{"allow":["GET"]}}],"collection":[{"href":"https:\/\/groow.pt\/index.php?rest_route=\/wp\/v2\/product"}],"about":[{"href":"https:\/\/groow.pt\/index.php?rest_route=\/wp\/v2\/types\/product"}],"replies":[{"embeddable":true,"href":"https:\/\/groow.pt\/index.php?rest_route=%2Fwp%2Fv2%2Fcomments&post=710"}],"wp:featuredmedia":[{"embeddable":true,"href":"https:\/\/groow.pt\/index.php?rest_route=\/wp\/v2\/media\/51743"}],"wp:attachment":[{"href":"https:\/\/groow.pt\/index.php?rest_route=%2Fwp%2Fv2%2Fmedia&parent=710"}],"wp:term":[{"taxonomy":"pwb-brand","embeddable":true,"href":"https:\/\/groow.pt\/index.php?rest_route=%2Fwp%2Fv2%2Fpwb-brand&post=710"},{"taxonomy":"product_brand","embeddable":true,"href":"https:\/\/groow.pt\/index.php?rest_route=%2Fwp%2Fv2%2Fproduct_brand&post=710"},{"taxonomy":"product_cat","embeddable":true,"href":"https:\/\/groow.pt\/index.php?rest_route=%2Fwp%2Fv2%2Fproduct_cat&post=710"},{"taxonomy":"product_tag","embeddable":true,"href":"https:\/\/groow.pt\/index.php?rest_route=%2Fwp%2Fv2%2Fproduct_tag&post=710"}],"curies":[{"name":"wp","href":"https:\/\/api.w.org\/{rel}","templated":true}]}}