{"id":696,"date":"2024-01-29T12:28:01","date_gmt":"2024-01-29T12:28:01","guid":{"rendered":"https:\/\/store.groow.pt\/product\/tintura-de-detox-30ml\/"},"modified":"2024-04-01T21:00:33","modified_gmt":"2024-04-01T21:00:33","slug":"tintura-de-detox-30ml","status":"publish","type":"product","link":"https:\/\/groow.pt\/?product=tintura-de-detox-30ml","title":{"rendered":"Tintura de Detox 30mL"},"content":{"rendered":"<p>Uma mistura de ervas purificantes e remineralizantes para o funcionamento saud\u00e1vel do f\u00edgado.<br \/>\nO f\u00edgado \u00e9 o sistema de limpeza de filtros do nosso corpo. Esta f\u00f3rmula ajuda a libertar toxinas, hormonas e res\u00edduos estagnados do f\u00edgado, sistema linf\u00e1tico e corrente sangu\u00ednea, aliada a uma a\u00e7\u00e3o remineralizante, tornando-a uma aliada perfeita nas transi\u00e7\u00f5es entre esta\u00e7\u00f5es (principalmente no outono e na primavera).<br \/>\nUma desintoxica\u00e7\u00e3o leve \u00e0 base de ervas que permite ao corpo eliminar toxinas de forma eficaz e sustent\u00e1vel, ao mesmo tempo que reduz o risco de recircula\u00e7\u00e3o de toxinas na corrente sangu\u00ednea.<br \/>\nAs ervas remineralizantes ajudam a manter um equil\u00edbrio saud\u00e1vel durante e ap\u00f3s a limpeza, para prevenir o enfraquecimento. A tintura detox remineraliza seu corpo de dentro para fora, nutrindo facilmente suas c\u00e9lulas.<br \/>\nDosagem e uso<br \/>\n7 gotas ap\u00f3s as refei\u00e7\u00f5es, 3x ao dia. Durante 21 dias.<br \/>\nFa\u00e7a uma pausa de 5 dias e reinicie por 21 dias conforme necess\u00e1rio.<br \/>\nAgitar antes de usar. Coloque as gotas em um copo de \u00e1gua\/sumo\/ch\u00e1 ou diretamente sob a l\u00edngua. Para uso interno. Para orienta\u00e7\u00f5es personalizadas e dosagem espec\u00edfica entre em contato com Irene.<\/p>\n<p>Ingredientes<br \/>\nAlcachofra org\u00e2nica, camomila, dente de le\u00e3o, cavalinha e raiz de alca\u00e7uz macerados em \u00e1lcool org\u00e2nico e \u00e1gua solarizada.<br \/>\nFeito \u00e0 m\u00e3o em pequenos lotes com ingredientes org\u00e2nicos, locais e de com\u00e9rcio justo. N\u00e3o cont\u00e9m corantes ou conservantes artificiais. Colhido selvagem e\/ou de origem biol\u00f3gica. Com amor, em Portugal.<\/p>\n","protected":false},"excerpt":{"rendered":"<p>Uma mistura de ervas purificantes e remineralizantes para o funcionamento saud\u00e1vel do f\u00edgado. O f\u00edgado \u00e9 o sistema de limpeza de filtros do nosso corpo. Esta f\u00f3rmula ajuda a libertar toxinas, hormonas e res\u00edduos estagnados do f\u00edgado, sistema linf\u00e1tico e corrente sangu\u00ednea, aliada a uma a\u00e7\u00e3o remineralizante, tornando-a uma aliada perfeita nas transi\u00e7\u00f5es entre esta\u00e7\u00f5es [&hellip;]<\/p>\n","protected":false},"featured_media":52596,"comment_status":"open","ping_status":"closed","template":"","meta":{"content-type":"","_uag_custom_page_level_css":"","site-sidebar-layout":"default","site-content-layout":"","ast-site-content-layout":"default","site-content-style":"default","site-sidebar-style":"default","ast-global-header-display":"","ast-banner-title-visibility":"","ast-main-header-display":"","ast-hfb-above-header-display":"","ast-hfb-below-header-display":"","ast-hfb-mobile-header-display":"","site-post-title":"","ast-breadcrumbs-content":"","ast-featured-img":"","footer-sml-layout":"","ast-disable-related-posts":"","theme-transparent-header-meta":"default","adv-header-id-meta":"","stick-header-meta":"","header-above-stick-meta":"","header-main-stick-meta":"","header-below-stick-meta":"","astra-migrate-meta-layouts":"set","ast-page-background-enabled":"default","ast-page-background-meta":{"desktop":{"background-color":"var(--ast-global-color-4)","background-image":"","background-repeat":"repeat","background-position":"center center","background-size":"auto","background-attachment":"scroll","background-type":"","background-media":"","overlay-type":"","overlay-color":"","overlay-opacity":"","overlay-gradient":""},"tablet":{"background-color":"","background-image":"","background-repeat":"repeat","background-position":"center center","background-size":"auto","background-attachment":"scroll","background-type":"","background-media":"","overlay-type":"","overlay-color":"","overlay-opacity":"","overlay-gradient":""},"mobile":{"background-color":"","background-image":"","background-repeat":"repeat","background-position":"center center","background-size":"auto","background-attachment":"scroll","background-type":"","background-media":"","overlay-type":"","overlay-color":"","overlay-opacity":"","overlay-gradient":""}},"ast-content-background-meta":{"desktop":{"background-color":"var(--ast-global-color-5)","background-image":"","background-repeat":"repeat","background-position":"center center","background-size":"auto","background-attachment":"scroll","background-type":"","background-media":"","overlay-type":"","overlay-color":"","overlay-opacity":"","overlay-gradient":""},"tablet":{"background-color":"var(--ast-global-color-5)","background-image":"","background-repeat":"repeat","background-position":"center center","background-size":"auto","background-attachment":"scroll","background-type":"","background-media":"","overlay-type":"","overlay-color":"","overlay-opacity":"","overlay-gradient":""},"mobile":{"background-color":"var(--ast-global-color-5)","background-image":"","background-repeat":"repeat","background-position":"center center","background-size":"auto","background-attachment":"scroll","background-type":"","background-media":"","overlay-type":"","overlay-color":"","overlay-opacity":"","overlay-gradient":""}},"_cloudinary_featured_overwrite":false},"pwb-brand":[113],"product_brand":[],"product_cat":[47,28,67],"product_tag":[],"class_list":{"0":"post-696","1":"product","2":"type-product","3":"status-publish","4":"has-post-thumbnail","6":"pwb-brand-da-lua","7":"product_cat-bem-estar","8":"product_cat-produtos","9":"product_cat-tinturas-suplementos","10":"desktop-align-left","11":"tablet-align-left","12":"mobile-align-left","14":"first","15":"instock","16":"taxable","17":"shipping-taxable","18":"purchasable","19":"product-type-simple"},"uagb_featured_image_src":{"full":["https:\/\/res.cloudinary.com\/groow\/images\/f_auto,q_auto\/v1711479545\/PRODUTOS\/Da Lua Herbals\/tinturarias\/detox\/TINTURA-DETOX-30ml\/TINTURA-DETOX-30ml.webp?_i=AA",900,900,false],"thumbnail":["https:\/\/res.cloudinary.com\/groow\/images\/w_150,h_150,c_fill,g_auto\/f_auto,q_auto\/v1711479545\/PRODUTOS\/Da Lua Herbals\/tinturarias\/detox\/TINTURA-DETOX-30ml\/TINTURA-DETOX-30ml.webp?_i=AA",150,150,true],"medium":["https:\/\/res.cloudinary.com\/groow\/images\/w_300,h_300,c_scale\/f_auto,q_auto\/v1711479545\/PRODUTOS\/Da Lua Herbals\/tinturarias\/detox\/TINTURA-DETOX-30ml\/TINTURA-DETOX-30ml.webp?_i=AA",300,300,true],"medium_large":["https:\/\/res.cloudinary.com\/groow\/images\/w_768,h_768,c_fill,g_auto\/f_auto,q_auto\/v1711479545\/PRODUTOS\/Da Lua Herbals\/tinturarias\/detox\/TINTURA-DETOX-30ml\/TINTURA-DETOX-30ml.webp?_i=AA",768,768,true],"large":["https:\/\/res.cloudinary.com\/groow\/images\/f_auto,q_auto\/v1711479545\/PRODUTOS\/Da Lua Herbals\/tinturarias\/detox\/TINTURA-DETOX-30ml\/TINTURA-DETOX-30ml.webp?_i=AA",900,900,false],"1536x1536":["https:\/\/res.cloudinary.com\/groow\/images\/f_auto,q_auto\/v1711479545\/PRODUTOS\/Da Lua Herbals\/tinturarias\/detox\/TINTURA-DETOX-30ml\/TINTURA-DETOX-30ml.webp?_i=AA",900,900,false],"2048x2048":["https:\/\/res.cloudinary.com\/groow\/images\/f_auto,q_auto\/v1711479545\/PRODUTOS\/Da Lua Herbals\/tinturarias\/detox\/TINTURA-DETOX-30ml\/TINTURA-DETOX-30ml.webp?_i=AA",900,900,false],"trp-custom-language-flag":["https:\/\/res.cloudinary.com\/groow\/images\/w_12,h_12,c_fill,g_auto\/f_auto,q_auto\/v1711479545\/PRODUTOS\/Da Lua Herbals\/tinturarias\/detox\/TINTURA-DETOX-30ml\/TINTURA-DETOX-30ml.webp?_i=AA",12,12,true],"woocommerce_thumbnail":["https:\/\/res.cloudinary.com\/groow\/images\/w_300,h_300,c_scale\/f_auto,q_auto\/v1711479545\/PRODUTOS\/Da Lua Herbals\/tinturarias\/detox\/TINTURA-DETOX-30ml\/TINTURA-DETOX-30ml.webp?_i=AA",300,300,true],"woocommerce_single":["https:\/\/res.cloudinary.com\/groow\/images\/w_600,h_600,c_fill,g_auto\/f_auto,q_auto\/v1711479545\/PRODUTOS\/Da Lua Herbals\/tinturarias\/detox\/TINTURA-DETOX-30ml\/TINTURA-DETOX-30ml.webp?_i=AA",600,600,true],"woocommerce_gallery_thumbnail":["https:\/\/res.cloudinary.com\/groow\/images\/w_100,h_100,c_fill,g_auto\/f_auto,q_auto\/v1711479545\/PRODUTOS\/Da Lua Herbals\/tinturarias\/detox\/TINTURA-DETOX-30ml\/TINTURA-DETOX-30ml.webp?_i=AA",100,100,true],"dgwt-wcas-product-suggestion":["https:\/\/res.cloudinary.com\/groow\/images\/w_64,h_64,c_fill,g_auto\/f_auto,q_auto\/v1711479545\/PRODUTOS\/Da Lua Herbals\/tinturarias\/detox\/TINTURA-DETOX-30ml\/TINTURA-DETOX-30ml.webp?_i=AA",64,64,true]},"uagb_author_info":{"display_name":"Paulo Mesquita","author_link":"https:\/\/groow.pt\/author"},"uagb_comment_info":0,"uagb_excerpt":"Uma mistura de ervas purificantes e remineralizantes para o funcionamento saud\u00e1vel do f\u00edgado. O f\u00edgado \u00e9 o sistema de limpeza de filtros do nosso corpo. Esta f\u00f3rmula ajuda a libertar toxinas, hormonas e res\u00edduos estagnados do f\u00edgado, sistema linf\u00e1tico e corrente sangu\u00ednea, aliada a uma a\u00e7\u00e3o remineralizante, tornando-a uma aliada perfeita nas transi\u00e7\u00f5es entre esta\u00e7\u00f5es&hellip;","brands":[{"id":113,"name":"Da Lua","slug":"da-lua"}],"_links":{"self":[{"href":"https:\/\/groow.pt\/index.php?rest_route=\/wp\/v2\/product\/696","targetHints":{"allow":["GET"]}}],"collection":[{"href":"https:\/\/groow.pt\/index.php?rest_route=\/wp\/v2\/product"}],"about":[{"href":"https:\/\/groow.pt\/index.php?rest_route=\/wp\/v2\/types\/product"}],"replies":[{"embeddable":true,"href":"https:\/\/groow.pt\/index.php?rest_route=%2Fwp%2Fv2%2Fcomments&post=696"}],"wp:featuredmedia":[{"embeddable":true,"href":"https:\/\/groow.pt\/index.php?rest_route=\/wp\/v2\/media\/52596"}],"wp:attachment":[{"href":"https:\/\/groow.pt\/index.php?rest_route=%2Fwp%2Fv2%2Fmedia&parent=696"}],"wp:term":[{"taxonomy":"pwb-brand","embeddable":true,"href":"https:\/\/groow.pt\/index.php?rest_route=%2Fwp%2Fv2%2Fpwb-brand&post=696"},{"taxonomy":"product_brand","embeddable":true,"href":"https:\/\/groow.pt\/index.php?rest_route=%2Fwp%2Fv2%2Fproduct_brand&post=696"},{"taxonomy":"product_cat","embeddable":true,"href":"https:\/\/groow.pt\/index.php?rest_route=%2Fwp%2Fv2%2Fproduct_cat&post=696"},{"taxonomy":"product_tag","embeddable":true,"href":"https:\/\/groow.pt\/index.php?rest_route=%2Fwp%2Fv2%2Fproduct_tag&post=696"}],"curies":[{"name":"wp","href":"https:\/\/api.w.org\/{rel}","templated":true}]}}