{"id":688,"date":"2024-01-29T12:28:00","date_gmt":"2024-01-29T12:28:00","guid":{"rendered":"https:\/\/store.groow.pt\/product\/passion-oleo-perfumado-afrodisiaco-2\/"},"modified":"2024-04-01T21:00:56","modified_gmt":"2024-04-01T21:00:56","slug":"passion-oleo-perfumado-afrodisiaco-10ml","status":"publish","type":"product","link":"https:\/\/groow.pt\/?product=passion-oleo-perfumado-afrodisiaco-10ml","title":{"rendered":"\u00d3leo Perfumado Afrodis\u00edaco PASSION 10mL"},"content":{"rendered":"<p>Esta mistura \u00e9 um perfume delicado e floral e um aliado para rituais de autocuidado. \u00c9 dirigido a todos aqueles que querem se entregar ao fluxo da paix\u00e3o.<\/p>\n<p>Dosagem e uso<br \/>\nRoll-on para aplicar nos pulsos, peito ou atr\u00e1s das orelhas. Inspire quando necess\u00e1rio. Somente para uso externo.<\/p>\n<p>Ingredientes<br \/>\n\u2013 \u00d3leo essencial de jasmim, patchuli, s\u00e1lvia e ylang ylang.<br \/>\n\u2013 Folhas e flores de cal\u00eandula, jasmim, rosa e amaranto globo.<br \/>\n\u2013 Em \u00f3leo de am\u00eandoa doce, semente de uva e r\u00edcino, com vitamina E.<\/p>\n<p>Contra-indica\u00e7\u00f5es<br \/>\nEvitar durante a gravidez.<\/p>\n","protected":false},"excerpt":{"rendered":"<p>Mix de \u00f3leos essenciais afrodis\u00edacos para despertar o amor e o autocuidado dentro de ti.<br \/>\nEsta sinergia de \u00f3leos essenciais, em combina\u00e7\u00e3o com as propriedades afrodis\u00edacas das flores e ervas medicinais contidas no frasco, foi cuidadosamente selecionada para real\u00e7ar o amor e o amor pr\u00f3prio.<\/p>\n","protected":false},"featured_media":52620,"comment_status":"open","ping_status":"closed","template":"","meta":{"content-type":"","_uag_custom_page_level_css":"","site-sidebar-layout":"default","site-content-layout":"","ast-site-content-layout":"default","site-content-style":"default","site-sidebar-style":"default","ast-global-header-display":"","ast-banner-title-visibility":"","ast-main-header-display":"","ast-hfb-above-header-display":"","ast-hfb-below-header-display":"","ast-hfb-mobile-header-display":"","site-post-title":"","ast-breadcrumbs-content":"","ast-featured-img":"","footer-sml-layout":"","ast-disable-related-posts":"","theme-transparent-header-meta":"default","adv-header-id-meta":"","stick-header-meta":"","header-above-stick-meta":"","header-main-stick-meta":"","header-below-stick-meta":"","astra-migrate-meta-layouts":"set","ast-page-background-enabled":"default","ast-page-background-meta":{"desktop":{"background-color":"var(--ast-global-color-4)","background-image":"","background-repeat":"repeat","background-position":"center center","background-size":"auto","background-attachment":"scroll","background-type":"","background-media":"","overlay-type":"","overlay-color":"","overlay-opacity":"","overlay-gradient":""},"tablet":{"background-color":"","background-image":"","background-repeat":"repeat","background-position":"center center","background-size":"auto","background-attachment":"scroll","background-type":"","background-media":"","overlay-type":"","overlay-color":"","overlay-opacity":"","overlay-gradient":""},"mobile":{"background-color":"","background-image":"","background-repeat":"repeat","background-position":"center center","background-size":"auto","background-attachment":"scroll","background-type":"","background-media":"","overlay-type":"","overlay-color":"","overlay-opacity":"","overlay-gradient":""}},"ast-content-background-meta":{"desktop":{"background-color":"var(--ast-global-color-5)","background-image":"","background-repeat":"repeat","background-position":"center center","background-size":"auto","background-attachment":"scroll","background-type":"","background-media":"","overlay-type":"","overlay-color":"","overlay-opacity":"","overlay-gradient":""},"tablet":{"background-color":"var(--ast-global-color-5)","background-image":"","background-repeat":"repeat","background-position":"center center","background-size":"auto","background-attachment":"scroll","background-type":"","background-media":"","overlay-type":"","overlay-color":"","overlay-opacity":"","overlay-gradient":""},"mobile":{"background-color":"var(--ast-global-color-5)","background-image":"","background-repeat":"repeat","background-position":"center center","background-size":"auto","background-attachment":"scroll","background-type":"","background-media":"","overlay-type":"","overlay-color":"","overlay-opacity":"","overlay-gradient":""}},"_cloudinary_featured_overwrite":false},"pwb-brand":[113],"product_brand":[],"product_cat":[65,47,28],"product_tag":[],"class_list":{"0":"post-688","1":"product","2":"type-product","3":"status-publish","4":"has-post-thumbnail","6":"pwb-brand-da-lua","7":"product_cat-aromaterapia-e-oleos-essenciais","8":"product_cat-bem-estar","9":"product_cat-produtos","10":"desktop-align-left","11":"tablet-align-left","12":"mobile-align-left","14":"first","15":"instock","16":"taxable","17":"shipping-taxable","18":"purchasable","19":"product-type-simple"},"uagb_featured_image_src":{"full":["https:\/\/res.cloudinary.com\/groow\/images\/f_auto,q_auto\/v1711475041\/PRODUTOS\/Da Lua Herbals\/aromaterapia\/paixao\/PASSION\/PASSION.webp?_i=AA",2560,2560,false],"thumbnail":["https:\/\/res.cloudinary.com\/groow\/images\/w_150,h_150,c_fill,g_auto\/f_auto,q_auto\/v1711475041\/PRODUTOS\/Da Lua Herbals\/aromaterapia\/paixao\/PASSION\/PASSION.webp?_i=AA",150,150,true],"medium":["https:\/\/res.cloudinary.com\/groow\/images\/w_300,h_300,c_scale\/f_auto,q_auto\/v1711475041\/PRODUTOS\/Da Lua Herbals\/aromaterapia\/paixao\/PASSION\/PASSION.webp?_i=AA",300,300,true],"medium_large":["https:\/\/res.cloudinary.com\/groow\/images\/w_768,h_768,c_fill,g_auto\/f_auto,q_auto\/v1711475041\/PRODUTOS\/Da Lua Herbals\/aromaterapia\/paixao\/PASSION\/PASSION.webp?_i=AA",768,768,true],"large":["https:\/\/res.cloudinary.com\/groow\/images\/w_1024,h_1024,c_fill,g_auto\/f_auto,q_auto\/v1711475041\/PRODUTOS\/Da Lua Herbals\/aromaterapia\/paixao\/PASSION\/PASSION.webp?_i=AA",1024,1024,true],"1536x1536":["https:\/\/res.cloudinary.com\/groow\/images\/w_1536,h_1536,c_fill,g_auto\/f_auto,q_auto\/v1711475041\/PRODUTOS\/Da Lua Herbals\/aromaterapia\/paixao\/PASSION\/PASSION.webp?_i=AA",1536,1536,true],"2048x2048":["https:\/\/res.cloudinary.com\/groow\/images\/w_2048,h_2048,c_fill,g_auto\/f_auto,q_auto\/v1711475041\/PRODUTOS\/Da Lua Herbals\/aromaterapia\/paixao\/PASSION\/PASSION.webp?_i=AA",2048,2048,true],"trp-custom-language-flag":["https:\/\/res.cloudinary.com\/groow\/images\/w_12,h_12,c_fill,g_auto\/f_auto,q_auto\/v1711475041\/PRODUTOS\/Da Lua Herbals\/aromaterapia\/paixao\/PASSION\/PASSION.webp?_i=AA",12,12,true],"woocommerce_thumbnail":["https:\/\/res.cloudinary.com\/groow\/images\/w_300,h_300,c_scale\/f_auto,q_auto\/v1711475041\/PRODUTOS\/Da Lua Herbals\/aromaterapia\/paixao\/PASSION\/PASSION.webp?_i=AA",300,300,true],"woocommerce_single":["https:\/\/res.cloudinary.com\/groow\/images\/w_600,h_600,c_fill,g_auto\/f_auto,q_auto\/v1711475041\/PRODUTOS\/Da Lua Herbals\/aromaterapia\/paixao\/PASSION\/PASSION.webp?_i=AA",600,600,true],"woocommerce_gallery_thumbnail":["https:\/\/res.cloudinary.com\/groow\/images\/w_100,h_100,c_fill,g_auto\/f_auto,q_auto\/v1711475041\/PRODUTOS\/Da Lua Herbals\/aromaterapia\/paixao\/PASSION\/PASSION.webp?_i=AA",100,100,true],"dgwt-wcas-product-suggestion":["https:\/\/res.cloudinary.com\/groow\/images\/w_64,h_64,c_fill,g_auto\/f_auto,q_auto\/v1711475041\/PRODUTOS\/Da Lua Herbals\/aromaterapia\/paixao\/PASSION\/PASSION.webp?_i=AA",64,64,true]},"uagb_author_info":{"display_name":"Paulo Mesquita","author_link":"https:\/\/groow.pt\/author"},"uagb_comment_info":0,"uagb_excerpt":"Mix de \u00f3leos essenciais afrodis\u00edacos para despertar o amor e o autocuidado dentro de ti. Esta sinergia de \u00f3leos essenciais, em combina\u00e7\u00e3o com as propriedades afrodis\u00edacas das flores e ervas medicinais contidas no frasco, foi cuidadosamente selecionada para real\u00e7ar o amor e o amor pr\u00f3prio.","brands":[{"id":113,"name":"Da Lua","slug":"da-lua"}],"_links":{"self":[{"href":"https:\/\/groow.pt\/index.php?rest_route=\/wp\/v2\/product\/688","targetHints":{"allow":["GET"]}}],"collection":[{"href":"https:\/\/groow.pt\/index.php?rest_route=\/wp\/v2\/product"}],"about":[{"href":"https:\/\/groow.pt\/index.php?rest_route=\/wp\/v2\/types\/product"}],"replies":[{"embeddable":true,"href":"https:\/\/groow.pt\/index.php?rest_route=%2Fwp%2Fv2%2Fcomments&post=688"}],"wp:featuredmedia":[{"embeddable":true,"href":"https:\/\/groow.pt\/index.php?rest_route=\/wp\/v2\/media\/52620"}],"wp:attachment":[{"href":"https:\/\/groow.pt\/index.php?rest_route=%2Fwp%2Fv2%2Fmedia&parent=688"}],"wp:term":[{"taxonomy":"pwb-brand","embeddable":true,"href":"https:\/\/groow.pt\/index.php?rest_route=%2Fwp%2Fv2%2Fpwb-brand&post=688"},{"taxonomy":"product_brand","embeddable":true,"href":"https:\/\/groow.pt\/index.php?rest_route=%2Fwp%2Fv2%2Fproduct_brand&post=688"},{"taxonomy":"product_cat","embeddable":true,"href":"https:\/\/groow.pt\/index.php?rest_route=%2Fwp%2Fv2%2Fproduct_cat&post=688"},{"taxonomy":"product_tag","embeddable":true,"href":"https:\/\/groow.pt\/index.php?rest_route=%2Fwp%2Fv2%2Fproduct_tag&post=688"}],"curies":[{"name":"wp","href":"https:\/\/api.w.org\/{rel}","templated":true}]}}