{"id":681,"date":"2024-01-29T12:27:59","date_gmt":"2024-01-29T12:27:59","guid":{"rendered":"https:\/\/store.groow.pt\/product\/recarga-para-lavagem-de-rosto-radiante-100ml\/"},"modified":"2024-03-27T04:08:07","modified_gmt":"2024-03-27T04:08:07","slug":"recarga-para-lavagem-de-rosto-radiante-100ml","status":"publish","type":"product","link":"https:\/\/groow.pt\/?product=recarga-para-lavagem-de-rosto-radiante-100ml","title":{"rendered":"Recarga Lavagem de Rosto Radiante 100mL"},"content":{"rendered":"<p>Isto \u00e9 uma recarga para a tua Lavagem de Rosto Radiante, n\u00e3o vem com spray. Um t\u00f3nico facial fresco e calmante que remove a oleosidade residual e as impurezas, equilibrando o pH da pele.<\/p>\n<p>Um toner \u00e9 um l\u00edquido de penetra\u00e7\u00e3o r\u00e1pida aplicado ap\u00f3s a limpeza para refrescar e esfoliar a pele. Aumenta a clareza da pele, reduz os poros e limpa a oleosidade residual e as impurezas, auxiliando na absor\u00e7\u00e3o de serums ou hidratantes subsequentes.<\/p>\n<p>O toner de vinagre de ma\u00e7\u00e3 fortalece e protege a pele dos danos ambientais. Equilibra o pH da pele, limpa as c\u00e9lulas mortas da pele, reduz rugas, manchas, acne e cicatrizes. Refresca a pele, remove o excesso de oleosidade, res\u00edduos de maquiagem e atua como anti-s\u00e9ptico para infec\u00e7\u00f5es e doen\u00e7as da pele como acne e eczema.<\/p>\n<p>A rosa, camomila e lavanda possuem propriedades medicinais que beneficiam a sa\u00fade da pele. O hidrolato de rosa hidrata, acalma e alivia irrita\u00e7\u00f5es, acne, eczema e psor\u00edase devido \u00e0s suas caracter\u00edsticas anti inflamat\u00f3rias e antibacterianas.<\/p>\n<p>Para melhores resultados, usa em conjunto com o Desmaquilhante. Vai ajudar a pele a absorver quaisquer serums ou hidratantes aplicados ap\u00f3s a limpeza. Estes dois produtos fazem parte do Kit de Cuidados Faciais.<\/p>\n","protected":false},"excerpt":{"rendered":"<p>Isto \u00e9 uma recarga para a tua Lavagem de Rosto Radiante, n\u00e3o vem com spray. Um t\u00f3nico facial fresco e calmante que remove a oleosidade residual e as impurezas, equilibrando o pH da pele. Um toner \u00e9 um l\u00edquido de penetra\u00e7\u00e3o r\u00e1pida aplicado ap\u00f3s a limpeza para refrescar e esfoliar a pele. Aumenta a clareza [&hellip;]<\/p>\n","protected":false},"featured_media":52617,"comment_status":"open","ping_status":"closed","template":"","meta":{"content-type":"","_uag_custom_page_level_css":"","site-sidebar-layout":"default","site-content-layout":"","ast-site-content-layout":"default","site-content-style":"default","site-sidebar-style":"default","ast-global-header-display":"","ast-banner-title-visibility":"","ast-main-header-display":"","ast-hfb-above-header-display":"","ast-hfb-below-header-display":"","ast-hfb-mobile-header-display":"","site-post-title":"","ast-breadcrumbs-content":"","ast-featured-img":"","footer-sml-layout":"","ast-disable-related-posts":"","theme-transparent-header-meta":"default","adv-header-id-meta":"","stick-header-meta":"","header-above-stick-meta":"","header-main-stick-meta":"","header-below-stick-meta":"","astra-migrate-meta-layouts":"set","ast-page-background-enabled":"default","ast-page-background-meta":{"desktop":{"background-color":"var(--ast-global-color-4)","background-image":"","background-repeat":"repeat","background-position":"center center","background-size":"auto","background-attachment":"scroll","background-type":"","background-media":"","overlay-type":"","overlay-color":"","overlay-opacity":"","overlay-gradient":""},"tablet":{"background-color":"","background-image":"","background-repeat":"repeat","background-position":"center center","background-size":"auto","background-attachment":"scroll","background-type":"","background-media":"","overlay-type":"","overlay-color":"","overlay-opacity":"","overlay-gradient":""},"mobile":{"background-color":"","background-image":"","background-repeat":"repeat","background-position":"center center","background-size":"auto","background-attachment":"scroll","background-type":"","background-media":"","overlay-type":"","overlay-color":"","overlay-opacity":"","overlay-gradient":""}},"ast-content-background-meta":{"desktop":{"background-color":"var(--ast-global-color-5)","background-image":"","background-repeat":"repeat","background-position":"center center","background-size":"auto","background-attachment":"scroll","background-type":"","background-media":"","overlay-type":"","overlay-color":"","overlay-opacity":"","overlay-gradient":""},"tablet":{"background-color":"var(--ast-global-color-5)","background-image":"","background-repeat":"repeat","background-position":"center center","background-size":"auto","background-attachment":"scroll","background-type":"","background-media":"","overlay-type":"","overlay-color":"","overlay-opacity":"","overlay-gradient":""},"mobile":{"background-color":"var(--ast-global-color-5)","background-image":"","background-repeat":"repeat","background-position":"center center","background-size":"auto","background-attachment":"scroll","background-type":"","background-media":"","overlay-type":"","overlay-color":"","overlay-opacity":"","overlay-gradient":""}},"_cloudinary_featured_overwrite":false},"pwb-brand":[113],"product_brand":[],"product_cat":[47,66],"product_tag":[],"class_list":{"0":"post-681","1":"product","2":"type-product","3":"status-publish","4":"has-post-thumbnail","6":"pwb-brand-da-lua","7":"product_cat-bem-estar","8":"product_cat-cuidado-corporal","9":"desktop-align-left","10":"tablet-align-left","11":"mobile-align-left","13":"first","14":"instock","15":"taxable","16":"shipping-taxable","17":"purchasable","18":"product-type-simple"},"uagb_featured_image_src":{"full":["https:\/\/res.cloudinary.com\/groow\/images\/f_auto,q_auto\/v1711475883\/PRODUTOS\/Da Lua Herbals\/pele_cabelos\/lavagem_rosto\/LAVAGEM-ROSTO-100___RECARGA\/LAVAGEM-ROSTO-100___RECARGA.webp?_i=AA",900,900,false],"thumbnail":["https:\/\/res.cloudinary.com\/groow\/images\/w_150,h_150,c_fill,g_auto\/f_auto,q_auto\/v1711475883\/PRODUTOS\/Da Lua Herbals\/pele_cabelos\/lavagem_rosto\/LAVAGEM-ROSTO-100___RECARGA\/LAVAGEM-ROSTO-100___RECARGA.webp?_i=AA",150,150,true],"medium":["https:\/\/res.cloudinary.com\/groow\/images\/w_300,h_300,c_fill,g_auto\/f_auto,q_auto\/v1711475883\/PRODUTOS\/Da Lua Herbals\/pele_cabelos\/lavagem_rosto\/LAVAGEM-ROSTO-100___RECARGA\/LAVAGEM-ROSTO-100___RECARGA.webp?_i=AA",300,300,true],"medium_large":["https:\/\/res.cloudinary.com\/groow\/images\/w_768,h_768,c_fill,g_auto\/f_auto,q_auto\/v1711475883\/PRODUTOS\/Da Lua Herbals\/pele_cabelos\/lavagem_rosto\/LAVAGEM-ROSTO-100___RECARGA\/LAVAGEM-ROSTO-100___RECARGA.webp?_i=AA",768,768,true],"large":["https:\/\/res.cloudinary.com\/groow\/images\/f_auto,q_auto\/v1711475883\/PRODUTOS\/Da Lua Herbals\/pele_cabelos\/lavagem_rosto\/LAVAGEM-ROSTO-100___RECARGA\/LAVAGEM-ROSTO-100___RECARGA.webp?_i=AA",900,900,false],"1536x1536":["https:\/\/res.cloudinary.com\/groow\/images\/f_auto,q_auto\/v1711475883\/PRODUTOS\/Da Lua Herbals\/pele_cabelos\/lavagem_rosto\/LAVAGEM-ROSTO-100___RECARGA\/LAVAGEM-ROSTO-100___RECARGA.webp?_i=AA",900,900,false],"2048x2048":["https:\/\/res.cloudinary.com\/groow\/images\/f_auto,q_auto\/v1711475883\/PRODUTOS\/Da Lua Herbals\/pele_cabelos\/lavagem_rosto\/LAVAGEM-ROSTO-100___RECARGA\/LAVAGEM-ROSTO-100___RECARGA.webp?_i=AA",900,900,false],"trp-custom-language-flag":["https:\/\/res.cloudinary.com\/groow\/images\/w_12,h_12,c_fill,g_auto\/f_auto,q_auto\/v1711475883\/PRODUTOS\/Da Lua Herbals\/pele_cabelos\/lavagem_rosto\/LAVAGEM-ROSTO-100___RECARGA\/LAVAGEM-ROSTO-100___RECARGA.webp?_i=AA",12,12,true],"woocommerce_thumbnail":["https:\/\/res.cloudinary.com\/groow\/images\/w_300,h_300,c_fill,g_auto\/f_auto,q_auto\/v1711475883\/PRODUTOS\/Da Lua Herbals\/pele_cabelos\/lavagem_rosto\/LAVAGEM-ROSTO-100___RECARGA\/LAVAGEM-ROSTO-100___RECARGA.webp?_i=AA",300,300,true],"woocommerce_single":["https:\/\/res.cloudinary.com\/groow\/images\/w_600,h_600,c_fill,g_auto\/f_auto,q_auto\/v1711475883\/PRODUTOS\/Da Lua Herbals\/pele_cabelos\/lavagem_rosto\/LAVAGEM-ROSTO-100___RECARGA\/LAVAGEM-ROSTO-100___RECARGA.webp?_i=AA",600,600,true],"woocommerce_gallery_thumbnail":["https:\/\/res.cloudinary.com\/groow\/images\/w_100,h_100,c_fill,g_auto\/f_auto,q_auto\/v1711475883\/PRODUTOS\/Da Lua Herbals\/pele_cabelos\/lavagem_rosto\/LAVAGEM-ROSTO-100___RECARGA\/LAVAGEM-ROSTO-100___RECARGA.webp?_i=AA",100,100,true],"dgwt-wcas-product-suggestion":["https:\/\/res.cloudinary.com\/groow\/images\/w_64,h_64,c_fill,g_auto\/f_auto,q_auto\/v1711475883\/PRODUTOS\/Da Lua Herbals\/pele_cabelos\/lavagem_rosto\/LAVAGEM-ROSTO-100___RECARGA\/LAVAGEM-ROSTO-100___RECARGA.webp?_i=AA",64,64,true]},"uagb_author_info":{"display_name":"Paulo Mesquita","author_link":"https:\/\/groow.pt\/author"},"uagb_comment_info":0,"uagb_excerpt":"Isto \u00e9 uma recarga para a tua Lavagem de Rosto Radiante, n\u00e3o vem com spray. Um t\u00f3nico facial fresco e calmante que remove a oleosidade residual e as impurezas, equilibrando o pH da pele. Um toner \u00e9 um l\u00edquido de penetra\u00e7\u00e3o r\u00e1pida aplicado ap\u00f3s a limpeza para refrescar e esfoliar a pele. Aumenta a clareza&hellip;","brands":[{"id":113,"name":"Da Lua","slug":"da-lua"}],"_links":{"self":[{"href":"https:\/\/groow.pt\/index.php?rest_route=\/wp\/v2\/product\/681","targetHints":{"allow":["GET"]}}],"collection":[{"href":"https:\/\/groow.pt\/index.php?rest_route=\/wp\/v2\/product"}],"about":[{"href":"https:\/\/groow.pt\/index.php?rest_route=\/wp\/v2\/types\/product"}],"replies":[{"embeddable":true,"href":"https:\/\/groow.pt\/index.php?rest_route=%2Fwp%2Fv2%2Fcomments&post=681"}],"wp:featuredmedia":[{"embeddable":true,"href":"https:\/\/groow.pt\/index.php?rest_route=\/wp\/v2\/media\/52617"}],"wp:attachment":[{"href":"https:\/\/groow.pt\/index.php?rest_route=%2Fwp%2Fv2%2Fmedia&parent=681"}],"wp:term":[{"taxonomy":"pwb-brand","embeddable":true,"href":"https:\/\/groow.pt\/index.php?rest_route=%2Fwp%2Fv2%2Fpwb-brand&post=681"},{"taxonomy":"product_brand","embeddable":true,"href":"https:\/\/groow.pt\/index.php?rest_route=%2Fwp%2Fv2%2Fproduct_brand&post=681"},{"taxonomy":"product_cat","embeddable":true,"href":"https:\/\/groow.pt\/index.php?rest_route=%2Fwp%2Fv2%2Fproduct_cat&post=681"},{"taxonomy":"product_tag","embeddable":true,"href":"https:\/\/groow.pt\/index.php?rest_route=%2Fwp%2Fv2%2Fproduct_tag&post=681"}],"curies":[{"name":"wp","href":"https:\/\/api.w.org\/{rel}","templated":true}]}}