{"id":57426,"date":"2024-03-27T21:13:28","date_gmt":"2024-03-27T21:13:28","guid":{"rendered":"https:\/\/store.groow.pt\/produto\/tomilho-limao-biologico-20g\/"},"modified":"2024-04-01T21:19:11","modified_gmt":"2024-04-01T21:19:11","slug":"tomilho-limao-biologico-20g","status":"publish","type":"product","link":"https:\/\/groow.pt\/?product=tomilho-limao-biologico-20g","title":{"rendered":"Infus\u00e3o Tomilho-Lim\u00e3o Biol\u00f3gico 20g"},"content":{"rendered":"<p>Infus\u00e3o 100% Folhas e floresc\u00eancias secas de Tomilho-Lim\u00e3o em Modo de Produ\u00e7\u00e3o Biol\u00f3gica<\/p>\n","protected":false},"excerpt":{"rendered":"<p>Tomilho-Lim\u00e3o \u00e9 uma planta caracterizada pelo seu aroma confort\u00e1vel e natural a lim\u00e3o, que lhe confere frescura. As suas caracter\u00edsticas medicinais est\u00e3o focadas em particular para problemas digestivos, respirat\u00f3rios e de tosse.<\/p>\n","protected":false},"featured_media":58719,"comment_status":"open","ping_status":"closed","template":"","meta":{"content-type":"","_uag_custom_page_level_css":"","site-sidebar-layout":"default","site-content-layout":"","ast-site-content-layout":"default","site-content-style":"default","site-sidebar-style":"default","ast-global-header-display":"","ast-banner-title-visibility":"","ast-main-header-display":"","ast-hfb-above-header-display":"","ast-hfb-below-header-display":"","ast-hfb-mobile-header-display":"","site-post-title":"","ast-breadcrumbs-content":"","ast-featured-img":"","footer-sml-layout":"","ast-disable-related-posts":"","theme-transparent-header-meta":"default","adv-header-id-meta":"","stick-header-meta":"","header-above-stick-meta":"","header-main-stick-meta":"","header-below-stick-meta":"","astra-migrate-meta-layouts":"set","ast-page-background-enabled":"default","ast-page-background-meta":{"desktop":{"background-color":"var(--ast-global-color-4)","background-image":"","background-repeat":"repeat","background-position":"center center","background-size":"auto","background-attachment":"scroll","background-type":"","background-media":"","overlay-type":"","overlay-color":"","overlay-opacity":"","overlay-gradient":""},"tablet":{"background-color":"","background-image":"","background-repeat":"repeat","background-position":"center center","background-size":"auto","background-attachment":"scroll","background-type":"","background-media":"","overlay-type":"","overlay-color":"","overlay-opacity":"","overlay-gradient":""},"mobile":{"background-color":"","background-image":"","background-repeat":"repeat","background-position":"center center","background-size":"auto","background-attachment":"scroll","background-type":"","background-media":"","overlay-type":"","overlay-color":"","overlay-opacity":"","overlay-gradient":""}},"ast-content-background-meta":{"desktop":{"background-color":"var(--ast-global-color-5)","background-image":"","background-repeat":"repeat","background-position":"center center","background-size":"auto","background-attachment":"scroll","background-type":"","background-media":"","overlay-type":"","overlay-color":"","overlay-opacity":"","overlay-gradient":""},"tablet":{"background-color":"var(--ast-global-color-5)","background-image":"","background-repeat":"repeat","background-position":"center center","background-size":"auto","background-attachment":"scroll","background-type":"","background-media":"","overlay-type":"","overlay-color":"","overlay-opacity":"","overlay-gradient":""},"mobile":{"background-color":"var(--ast-global-color-5)","background-image":"","background-repeat":"repeat","background-position":"center center","background-size":"auto","background-attachment":"scroll","background-type":"","background-media":"","overlay-type":"","overlay-color":"","overlay-opacity":"","overlay-gradient":""}},"_cloudinary_featured_overwrite":false},"pwb-brand":[112],"product_brand":[],"product_cat":[60,37,28],"product_tag":[],"class_list":{"0":"post-57426","1":"product","2":"type-product","3":"status-publish","4":"has-post-thumbnail","6":"pwb-brand-terrius","7":"product_cat-infusoes-aromaticas","8":"product_cat-mercearia","9":"product_cat-produtos","10":"desktop-align-left","11":"tablet-align-left","12":"mobile-align-left","14":"first","15":"instock","16":"taxable","17":"shipping-taxable","18":"purchasable","19":"product-type-simple"},"uagb_featured_image_src":{"full":["https:\/\/res.cloudinary.com\/groow\/images\/f_auto,q_auto\/v1711485192\/PRODUTOS\/TerriuS\/infusoes\/INFUSAO-TOMILHO-LIMAO\/INFUSAO-TOMILHO-LIMAO.webp?_i=AA",800,800,false],"thumbnail":["https:\/\/res.cloudinary.com\/groow\/images\/w_150,h_150,c_fill,g_auto\/f_auto,q_auto\/v1711485192\/PRODUTOS\/TerriuS\/infusoes\/INFUSAO-TOMILHO-LIMAO\/INFUSAO-TOMILHO-LIMAO.webp?_i=AA",150,150,true],"medium":["https:\/\/res.cloudinary.com\/groow\/images\/w_300,h_300,c_scale\/f_auto,q_auto\/v1711485192\/PRODUTOS\/TerriuS\/infusoes\/INFUSAO-TOMILHO-LIMAO\/INFUSAO-TOMILHO-LIMAO.webp?_i=AA",300,300,true],"medium_large":["https:\/\/res.cloudinary.com\/groow\/images\/w_768,h_768,c_fill,g_auto\/f_auto,q_auto\/v1711485192\/PRODUTOS\/TerriuS\/infusoes\/INFUSAO-TOMILHO-LIMAO\/INFUSAO-TOMILHO-LIMAO.webp?_i=AA",768,768,true],"large":["https:\/\/res.cloudinary.com\/groow\/images\/f_auto,q_auto\/v1711485192\/PRODUTOS\/TerriuS\/infusoes\/INFUSAO-TOMILHO-LIMAO\/INFUSAO-TOMILHO-LIMAO.webp?_i=AA",800,800,false],"1536x1536":["https:\/\/res.cloudinary.com\/groow\/images\/f_auto,q_auto\/v1711485192\/PRODUTOS\/TerriuS\/infusoes\/INFUSAO-TOMILHO-LIMAO\/INFUSAO-TOMILHO-LIMAO.webp?_i=AA",800,800,false],"2048x2048":["https:\/\/res.cloudinary.com\/groow\/images\/f_auto,q_auto\/v1711485192\/PRODUTOS\/TerriuS\/infusoes\/INFUSAO-TOMILHO-LIMAO\/INFUSAO-TOMILHO-LIMAO.webp?_i=AA",800,800,false],"trp-custom-language-flag":["https:\/\/res.cloudinary.com\/groow\/images\/w_12,h_12,c_fill,g_auto\/f_auto,q_auto\/v1711485192\/PRODUTOS\/TerriuS\/infusoes\/INFUSAO-TOMILHO-LIMAO\/INFUSAO-TOMILHO-LIMAO.webp?_i=AA",12,12,true],"woocommerce_thumbnail":["https:\/\/res.cloudinary.com\/groow\/images\/w_300,h_300,c_scale\/f_auto,q_auto\/v1711485192\/PRODUTOS\/TerriuS\/infusoes\/INFUSAO-TOMILHO-LIMAO\/INFUSAO-TOMILHO-LIMAO.webp?_i=AA",300,300,true],"woocommerce_single":["https:\/\/res.cloudinary.com\/groow\/images\/w_600,h_600,c_fill,g_auto\/f_auto,q_auto\/v1711485192\/PRODUTOS\/TerriuS\/infusoes\/INFUSAO-TOMILHO-LIMAO\/INFUSAO-TOMILHO-LIMAO.webp?_i=AA",600,600,true],"woocommerce_gallery_thumbnail":["https:\/\/res.cloudinary.com\/groow\/images\/w_100,h_100,c_fill,g_auto\/f_auto,q_auto\/v1711485192\/PRODUTOS\/TerriuS\/infusoes\/INFUSAO-TOMILHO-LIMAO\/INFUSAO-TOMILHO-LIMAO.webp?_i=AA",100,100,true],"dgwt-wcas-product-suggestion":["https:\/\/res.cloudinary.com\/groow\/images\/w_64,h_64,c_fill,g_auto\/f_auto,q_auto\/v1711485192\/PRODUTOS\/TerriuS\/infusoes\/INFUSAO-TOMILHO-LIMAO\/INFUSAO-TOMILHO-LIMAO.webp?_i=AA",64,64,true]},"uagb_author_info":{"display_name":"Paulo Mesquita","author_link":"https:\/\/groow.pt\/author"},"uagb_comment_info":0,"uagb_excerpt":"Tomilho-Lim\u00e3o \u00e9 uma planta caracterizada pelo seu aroma confort\u00e1vel e natural a lim\u00e3o, que lhe confere frescura. As suas caracter\u00edsticas medicinais est\u00e3o focadas em particular para problemas digestivos, respirat\u00f3rios e de tosse.","brands":[{"id":112,"name":"TerriuS","slug":"terrius"}],"_links":{"self":[{"href":"https:\/\/groow.pt\/index.php?rest_route=\/wp\/v2\/product\/57426","targetHints":{"allow":["GET"]}}],"collection":[{"href":"https:\/\/groow.pt\/index.php?rest_route=\/wp\/v2\/product"}],"about":[{"href":"https:\/\/groow.pt\/index.php?rest_route=\/wp\/v2\/types\/product"}],"replies":[{"embeddable":true,"href":"https:\/\/groow.pt\/index.php?rest_route=%2Fwp%2Fv2%2Fcomments&post=57426"}],"wp:featuredmedia":[{"embeddable":true,"href":"https:\/\/groow.pt\/index.php?rest_route=\/wp\/v2\/media\/58719"}],"wp:attachment":[{"href":"https:\/\/groow.pt\/index.php?rest_route=%2Fwp%2Fv2%2Fmedia&parent=57426"}],"wp:term":[{"taxonomy":"pwb-brand","embeddable":true,"href":"https:\/\/groow.pt\/index.php?rest_route=%2Fwp%2Fv2%2Fpwb-brand&post=57426"},{"taxonomy":"product_brand","embeddable":true,"href":"https:\/\/groow.pt\/index.php?rest_route=%2Fwp%2Fv2%2Fproduct_brand&post=57426"},{"taxonomy":"product_cat","embeddable":true,"href":"https:\/\/groow.pt\/index.php?rest_route=%2Fwp%2Fv2%2Fproduct_cat&post=57426"},{"taxonomy":"product_tag","embeddable":true,"href":"https:\/\/groow.pt\/index.php?rest_route=%2Fwp%2Fv2%2Fproduct_tag&post=57426"}],"curies":[{"name":"wp","href":"https:\/\/api.w.org\/{rel}","templated":true}]}}