{"id":51766,"date":"2024-03-26T23:31:42","date_gmt":"2024-03-26T23:31:42","guid":{"rendered":"https:\/\/store.groow.pt\/produto\/funda-para-foice\/"},"modified":"2024-11-21T23:57:33","modified_gmt":"2024-11-21T23:57:33","slug":"funda-para-foice","status":"publish","type":"product","link":"https:\/\/groow.pt\/?product=funda-para-foice","title":{"rendered":"Funda para Foice"},"content":{"rendered":"<p>Esta funda da Dispersor, foi especialmente projetada para proteger e transportar com facilidade a tua foice Okatsune 404 ou 405. Fixa-a no cinto junto com outras ferramentas e desfruta de m\u00e3os livres para as tuas colheitas.<\/p>\n<p>Cada capa \u00e9 cuidadosamente produzida \u00e0 m\u00e3o, utilizando couro de 2 mm de espessura, o que a torna uma pe\u00e7a leve, funcional e incrivelmente resistente. Esta funda n\u00e3o \u00e9 apenas uma prote\u00e7\u00e3o, \u00e9 uma adi\u00e7\u00e3o conveniente ao teu kit de ferramentas.<\/p>\n","protected":false},"excerpt":{"rendered":"<p>Esta funda da Dispersor, foi especialmente projetada para proteger e transportar com facilidade a tua foice Okatsune 404 ou 405. Fixa-a no cinto junto com outras ferramentas e desfruta de m\u00e3os livres para as tuas colheitas. Cada capa \u00e9 cuidadosamente produzida \u00e0 m\u00e3o, utilizando couro de 2 mm de espessura, o que a torna uma [&hellip;]<\/p>\n","protected":false},"featured_media":51821,"comment_status":"open","ping_status":"closed","template":"","meta":{"content-type":"","_uag_custom_page_level_css":"","site-sidebar-layout":"default","site-content-layout":"","ast-site-content-layout":"default","site-content-style":"default","site-sidebar-style":"default","ast-global-header-display":"","ast-banner-title-visibility":"","ast-main-header-display":"","ast-hfb-above-header-display":"","ast-hfb-below-header-display":"","ast-hfb-mobile-header-display":"","site-post-title":"","ast-breadcrumbs-content":"","ast-featured-img":"","footer-sml-layout":"","ast-disable-related-posts":"","theme-transparent-header-meta":"default","adv-header-id-meta":"","stick-header-meta":"","header-above-stick-meta":"","header-main-stick-meta":"","header-below-stick-meta":"","astra-migrate-meta-layouts":"set","ast-page-background-enabled":"default","ast-page-background-meta":{"desktop":{"background-color":"var(--ast-global-color-4)","background-image":"","background-repeat":"repeat","background-position":"center center","background-size":"auto","background-attachment":"scroll","background-type":"","background-media":"","overlay-type":"","overlay-color":"","overlay-opacity":"","overlay-gradient":""},"tablet":{"background-color":"","background-image":"","background-repeat":"repeat","background-position":"center center","background-size":"auto","background-attachment":"scroll","background-type":"","background-media":"","overlay-type":"","overlay-color":"","overlay-opacity":"","overlay-gradient":""},"mobile":{"background-color":"","background-image":"","background-repeat":"repeat","background-position":"center center","background-size":"auto","background-attachment":"scroll","background-type":"","background-media":"","overlay-type":"","overlay-color":"","overlay-opacity":"","overlay-gradient":""}},"ast-content-background-meta":{"desktop":{"background-color":"var(--ast-global-color-5)","background-image":"","background-repeat":"repeat","background-position":"center center","background-size":"auto","background-attachment":"scroll","background-type":"","background-media":"","overlay-type":"","overlay-color":"","overlay-opacity":"","overlay-gradient":""},"tablet":{"background-color":"var(--ast-global-color-5)","background-image":"","background-repeat":"repeat","background-position":"center center","background-size":"auto","background-attachment":"scroll","background-type":"","background-media":"","overlay-type":"","overlay-color":"","overlay-opacity":"","overlay-gradient":""},"mobile":{"background-color":"var(--ast-global-color-5)","background-image":"","background-repeat":"repeat","background-position":"center center","background-size":"auto","background-attachment":"scroll","background-type":"","background-media":"","overlay-type":"","overlay-color":"","overlay-opacity":"","overlay-gradient":""}},"_cloudinary_featured_overwrite":false},"pwb-brand":[69],"product_brand":[],"product_cat":[55,28],"product_tag":[],"class_list":{"0":"post-51766","1":"product","2":"type-product","3":"status-publish","4":"has-post-thumbnail","6":"pwb-brand-dispersor","7":"product_cat-ferramentas","8":"product_cat-produtos","9":"desktop-align-left","10":"tablet-align-left","11":"mobile-align-left","13":"first","14":"instock","15":"taxable","16":"shipping-taxable","17":"purchasable","18":"product-type-simple"},"uagb_featured_image_src":{"full":["https:\/\/res.cloudinary.com\/groow\/images\/f_auto,q_auto\/v1711496547\/PRODUTOS\/DIspersor\/acessorios\/funda-foice\/Funda_Foice_1\/Funda_Foice_1.webp?_i=AA",2404,2404,false],"thumbnail":["https:\/\/res.cloudinary.com\/groow\/images\/w_150,h_150,c_fill,g_auto\/f_auto,q_auto\/v1711496547\/PRODUTOS\/DIspersor\/acessorios\/funda-foice\/Funda_Foice_1\/Funda_Foice_1.webp?_i=AA",150,150,true],"medium":["https:\/\/res.cloudinary.com\/groow\/images\/w_300,h_300,c_scale\/f_auto,q_auto\/v1711496547\/PRODUTOS\/DIspersor\/acessorios\/funda-foice\/Funda_Foice_1\/Funda_Foice_1.webp?_i=AA",300,300,true],"medium_large":["https:\/\/res.cloudinary.com\/groow\/images\/w_768,h_768,c_fill,g_auto\/f_auto,q_auto\/v1711496547\/PRODUTOS\/DIspersor\/acessorios\/funda-foice\/Funda_Foice_1\/Funda_Foice_1.webp?_i=AA",768,768,true],"large":["https:\/\/res.cloudinary.com\/groow\/images\/w_1024,h_1024,c_fill,g_auto\/f_auto,q_auto\/v1711496547\/PRODUTOS\/DIspersor\/acessorios\/funda-foice\/Funda_Foice_1\/Funda_Foice_1.webp?_i=AA",1024,1024,true],"1536x1536":["https:\/\/res.cloudinary.com\/groow\/images\/w_1536,h_1536,c_fill,g_auto\/f_auto,q_auto\/v1711496547\/PRODUTOS\/DIspersor\/acessorios\/funda-foice\/Funda_Foice_1\/Funda_Foice_1.webp?_i=AA",1536,1536,true],"2048x2048":["https:\/\/res.cloudinary.com\/groow\/images\/w_2048,h_2048,c_fill,g_auto\/f_auto,q_auto\/v1711496547\/PRODUTOS\/DIspersor\/acessorios\/funda-foice\/Funda_Foice_1\/Funda_Foice_1.webp?_i=AA",2048,2048,true],"trp-custom-language-flag":["https:\/\/res.cloudinary.com\/groow\/images\/w_12,h_12,c_fill,g_auto\/f_auto,q_auto\/v1711496547\/PRODUTOS\/DIspersor\/acessorios\/funda-foice\/Funda_Foice_1\/Funda_Foice_1.webp?_i=AA",12,12,true],"woocommerce_thumbnail":["https:\/\/res.cloudinary.com\/groow\/images\/w_300,h_300,c_scale\/f_auto,q_auto\/v1711496547\/PRODUTOS\/DIspersor\/acessorios\/funda-foice\/Funda_Foice_1\/Funda_Foice_1.webp?_i=AA",300,300,true],"woocommerce_single":["https:\/\/res.cloudinary.com\/groow\/images\/w_600,h_600,c_fill,g_auto\/f_auto,q_auto\/v1711496547\/PRODUTOS\/DIspersor\/acessorios\/funda-foice\/Funda_Foice_1\/Funda_Foice_1.webp?_i=AA",600,600,true],"woocommerce_gallery_thumbnail":["https:\/\/res.cloudinary.com\/groow\/images\/w_100,h_100,c_fill,g_auto\/f_auto,q_auto\/v1711496547\/PRODUTOS\/DIspersor\/acessorios\/funda-foice\/Funda_Foice_1\/Funda_Foice_1.webp?_i=AA",100,100,true],"dgwt-wcas-product-suggestion":["https:\/\/res.cloudinary.com\/groow\/images\/w_64,h_64,c_fill,g_auto\/f_auto,q_auto\/v1711496547\/PRODUTOS\/DIspersor\/acessorios\/funda-foice\/Funda_Foice_1\/Funda_Foice_1.webp?_i=AA",64,64,true]},"uagb_author_info":{"display_name":"Paulo Mesquita","author_link":"https:\/\/groow.pt\/author"},"uagb_comment_info":0,"uagb_excerpt":"Esta funda da Dispersor, foi especialmente projetada para proteger e transportar com facilidade a tua foice Okatsune 404 ou 405. Fixa-a no cinto junto com outras ferramentas e desfruta de m\u00e3os livres para as tuas colheitas. Cada capa \u00e9 cuidadosamente produzida \u00e0 m\u00e3o, utilizando couro de 2 mm de espessura, o que a torna uma&hellip;","brands":[{"id":69,"name":"Dispersor","slug":"dispersor"}],"_links":{"self":[{"href":"https:\/\/groow.pt\/index.php?rest_route=\/wp\/v2\/product\/51766","targetHints":{"allow":["GET"]}}],"collection":[{"href":"https:\/\/groow.pt\/index.php?rest_route=\/wp\/v2\/product"}],"about":[{"href":"https:\/\/groow.pt\/index.php?rest_route=\/wp\/v2\/types\/product"}],"replies":[{"embeddable":true,"href":"https:\/\/groow.pt\/index.php?rest_route=%2Fwp%2Fv2%2Fcomments&post=51766"}],"wp:featuredmedia":[{"embeddable":true,"href":"https:\/\/groow.pt\/index.php?rest_route=\/wp\/v2\/media\/51821"}],"wp:attachment":[{"href":"https:\/\/groow.pt\/index.php?rest_route=%2Fwp%2Fv2%2Fmedia&parent=51766"}],"wp:term":[{"taxonomy":"pwb-brand","embeddable":true,"href":"https:\/\/groow.pt\/index.php?rest_route=%2Fwp%2Fv2%2Fpwb-brand&post=51766"},{"taxonomy":"product_brand","embeddable":true,"href":"https:\/\/groow.pt\/index.php?rest_route=%2Fwp%2Fv2%2Fproduct_brand&post=51766"},{"taxonomy":"product_cat","embeddable":true,"href":"https:\/\/groow.pt\/index.php?rest_route=%2Fwp%2Fv2%2Fproduct_cat&post=51766"},{"taxonomy":"product_tag","embeddable":true,"href":"https:\/\/groow.pt\/index.php?rest_route=%2Fwp%2Fv2%2Fproduct_tag&post=51766"}],"curies":[{"name":"wp","href":"https:\/\/api.w.org\/{rel}","templated":true}]}}