{"id":51754,"date":"2024-03-26T23:31:41","date_gmt":"2024-03-26T23:31:41","guid":{"rendered":"https:\/\/store.groow.pt\/produto\/cogumelos-trompeta-negra-15g\/"},"modified":"2024-04-16T17:15:47","modified_gmt":"2024-04-16T17:15:47","slug":"cogumelos-trompeta-negra-15g","status":"publish","type":"product","link":"https:\/\/groow.pt\/?product=cogumelos-trompeta-negra-15g","title":{"rendered":"Cogumelos Trompeta Negra 15g"},"content":{"rendered":"<p>Tem um sabor muito agrad\u00e1vel, que depois de seco melhora e torna-se um pouco mais ativo. Tem textura fina, o seu sabor caracter\u00edstico \u00e9 suave e o seu odor \u00e9 ligeiramente doce e perfumado.<\/p>\n","protected":false},"excerpt":{"rendered":"<p>Tem um sabor muito agrad\u00e1vel, que depois de seco melhora e torna-se um pouco mais ativo. Tem textura fina, o seu sabor caracter\u00edstico \u00e9 suave e o seu odor \u00e9 ligeiramente doce e perfumado.<\/p>\n","protected":false},"featured_media":52126,"comment_status":"open","ping_status":"closed","template":"","meta":{"content-type":"","_uag_custom_page_level_css":"","site-sidebar-layout":"default","site-content-layout":"","ast-site-content-layout":"default","site-content-style":"default","site-sidebar-style":"default","ast-global-header-display":"","ast-banner-title-visibility":"","ast-main-header-display":"","ast-hfb-above-header-display":"","ast-hfb-below-header-display":"","ast-hfb-mobile-header-display":"","site-post-title":"","ast-breadcrumbs-content":"","ast-featured-img":"","footer-sml-layout":"","ast-disable-related-posts":"","theme-transparent-header-meta":"default","adv-header-id-meta":"","stick-header-meta":"","header-above-stick-meta":"","header-main-stick-meta":"","header-below-stick-meta":"","astra-migrate-meta-layouts":"set","ast-page-background-enabled":"default","ast-page-background-meta":{"desktop":{"background-color":"var(--ast-global-color-4)","background-image":"","background-repeat":"repeat","background-position":"center center","background-size":"auto","background-attachment":"scroll","background-type":"","background-media":"","overlay-type":"","overlay-color":"","overlay-opacity":"","overlay-gradient":""},"tablet":{"background-color":"","background-image":"","background-repeat":"repeat","background-position":"center center","background-size":"auto","background-attachment":"scroll","background-type":"","background-media":"","overlay-type":"","overlay-color":"","overlay-opacity":"","overlay-gradient":""},"mobile":{"background-color":"","background-image":"","background-repeat":"repeat","background-position":"center center","background-size":"auto","background-attachment":"scroll","background-type":"","background-media":"","overlay-type":"","overlay-color":"","overlay-opacity":"","overlay-gradient":""}},"ast-content-background-meta":{"desktop":{"background-color":"var(--ast-global-color-5)","background-image":"","background-repeat":"repeat","background-position":"center center","background-size":"auto","background-attachment":"scroll","background-type":"","background-media":"","overlay-type":"","overlay-color":"","overlay-opacity":"","overlay-gradient":""},"tablet":{"background-color":"var(--ast-global-color-5)","background-image":"","background-repeat":"repeat","background-position":"center center","background-size":"auto","background-attachment":"scroll","background-type":"","background-media":"","overlay-type":"","overlay-color":"","overlay-opacity":"","overlay-gradient":""},"mobile":{"background-color":"var(--ast-global-color-5)","background-image":"","background-repeat":"repeat","background-position":"center center","background-size":"auto","background-attachment":"scroll","background-type":"","background-media":"","overlay-type":"","overlay-color":"","overlay-opacity":"","overlay-gradient":""}},"_cloudinary_featured_overwrite":false},"pwb-brand":[112],"product_brand":[],"product_cat":[59,37,28,114],"product_tag":[],"class_list":{"0":"post-51754","1":"product","2":"type-product","3":"status-publish","4":"has-post-thumbnail","6":"pwb-brand-terrius","7":"product_cat-cogumelos","8":"product_cat-mercearia","9":"product_cat-produtos","10":"product_cat-secos","11":"desktop-align-left","12":"tablet-align-left","13":"mobile-align-left","15":"first","16":"instock","17":"taxable","18":"shipping-taxable","19":"purchasable","20":"product-type-simple"},"uagb_featured_image_src":{"full":["https:\/\/res.cloudinary.com\/groow\/images\/f_auto,q_auto\/v1711485020\/PRODUTOS\/TerriuS\/cogumelos\/COGUMELOS-TROMPETA-NEGRA\/COGUMELOS-TROMPETA-NEGRA.webp?_i=AA",800,800,false],"thumbnail":["https:\/\/res.cloudinary.com\/groow\/images\/w_150,h_150,c_fill,g_auto\/f_auto,q_auto\/v1711485020\/PRODUTOS\/TerriuS\/cogumelos\/COGUMELOS-TROMPETA-NEGRA\/COGUMELOS-TROMPETA-NEGRA.webp?_i=AA",150,150,true],"medium":["https:\/\/res.cloudinary.com\/groow\/images\/w_300,h_300,c_scale\/f_auto,q_auto\/v1711485020\/PRODUTOS\/TerriuS\/cogumelos\/COGUMELOS-TROMPETA-NEGRA\/COGUMELOS-TROMPETA-NEGRA.webp?_i=AA",300,300,true],"medium_large":["https:\/\/res.cloudinary.com\/groow\/images\/w_768,h_768,c_fill,g_auto\/f_auto,q_auto\/v1711485020\/PRODUTOS\/TerriuS\/cogumelos\/COGUMELOS-TROMPETA-NEGRA\/COGUMELOS-TROMPETA-NEGRA.webp?_i=AA",768,768,true],"large":["https:\/\/res.cloudinary.com\/groow\/images\/f_auto,q_auto\/v1711485020\/PRODUTOS\/TerriuS\/cogumelos\/COGUMELOS-TROMPETA-NEGRA\/COGUMELOS-TROMPETA-NEGRA.webp?_i=AA",800,800,false],"1536x1536":["https:\/\/res.cloudinary.com\/groow\/images\/f_auto,q_auto\/v1711485020\/PRODUTOS\/TerriuS\/cogumelos\/COGUMELOS-TROMPETA-NEGRA\/COGUMELOS-TROMPETA-NEGRA.webp?_i=AA",800,800,false],"2048x2048":["https:\/\/res.cloudinary.com\/groow\/images\/f_auto,q_auto\/v1711485020\/PRODUTOS\/TerriuS\/cogumelos\/COGUMELOS-TROMPETA-NEGRA\/COGUMELOS-TROMPETA-NEGRA.webp?_i=AA",800,800,false],"trp-custom-language-flag":["https:\/\/res.cloudinary.com\/groow\/images\/w_12,h_12,c_fill,g_auto\/f_auto,q_auto\/v1711485020\/PRODUTOS\/TerriuS\/cogumelos\/COGUMELOS-TROMPETA-NEGRA\/COGUMELOS-TROMPETA-NEGRA.webp?_i=AA",12,12,true],"woocommerce_thumbnail":["https:\/\/res.cloudinary.com\/groow\/images\/w_300,h_300,c_scale\/f_auto,q_auto\/v1711485020\/PRODUTOS\/TerriuS\/cogumelos\/COGUMELOS-TROMPETA-NEGRA\/COGUMELOS-TROMPETA-NEGRA.webp?_i=AA",300,300,true],"woocommerce_single":["https:\/\/res.cloudinary.com\/groow\/images\/w_600,h_600,c_fill,g_auto\/f_auto,q_auto\/v1711485020\/PRODUTOS\/TerriuS\/cogumelos\/COGUMELOS-TROMPETA-NEGRA\/COGUMELOS-TROMPETA-NEGRA.webp?_i=AA",600,600,true],"woocommerce_gallery_thumbnail":["https:\/\/res.cloudinary.com\/groow\/images\/w_100,h_100,c_fill,g_auto\/f_auto,q_auto\/v1711485020\/PRODUTOS\/TerriuS\/cogumelos\/COGUMELOS-TROMPETA-NEGRA\/COGUMELOS-TROMPETA-NEGRA.webp?_i=AA",100,100,true],"dgwt-wcas-product-suggestion":["https:\/\/res.cloudinary.com\/groow\/images\/w_64,h_64,c_fill,g_auto\/f_auto,q_auto\/v1711485020\/PRODUTOS\/TerriuS\/cogumelos\/COGUMELOS-TROMPETA-NEGRA\/COGUMELOS-TROMPETA-NEGRA.webp?_i=AA",64,64,true]},"uagb_author_info":{"display_name":"Paulo Mesquita","author_link":"https:\/\/groow.pt\/author"},"uagb_comment_info":0,"uagb_excerpt":"Tem um sabor muito agrad\u00e1vel, que depois de seco melhora e torna-se um pouco mais ativo. Tem textura fina, o seu sabor caracter\u00edstico \u00e9 suave e o seu odor \u00e9 ligeiramente doce e perfumado.","brands":[{"id":112,"name":"TerriuS","slug":"terrius"}],"_links":{"self":[{"href":"https:\/\/groow.pt\/index.php?rest_route=\/wp\/v2\/product\/51754","targetHints":{"allow":["GET"]}}],"collection":[{"href":"https:\/\/groow.pt\/index.php?rest_route=\/wp\/v2\/product"}],"about":[{"href":"https:\/\/groow.pt\/index.php?rest_route=\/wp\/v2\/types\/product"}],"replies":[{"embeddable":true,"href":"https:\/\/groow.pt\/index.php?rest_route=%2Fwp%2Fv2%2Fcomments&post=51754"}],"wp:featuredmedia":[{"embeddable":true,"href":"https:\/\/groow.pt\/index.php?rest_route=\/wp\/v2\/media\/52126"}],"wp:attachment":[{"href":"https:\/\/groow.pt\/index.php?rest_route=%2Fwp%2Fv2%2Fmedia&parent=51754"}],"wp:term":[{"taxonomy":"pwb-brand","embeddable":true,"href":"https:\/\/groow.pt\/index.php?rest_route=%2Fwp%2Fv2%2Fpwb-brand&post=51754"},{"taxonomy":"product_brand","embeddable":true,"href":"https:\/\/groow.pt\/index.php?rest_route=%2Fwp%2Fv2%2Fproduct_brand&post=51754"},{"taxonomy":"product_cat","embeddable":true,"href":"https:\/\/groow.pt\/index.php?rest_route=%2Fwp%2Fv2%2Fproduct_cat&post=51754"},{"taxonomy":"product_tag","embeddable":true,"href":"https:\/\/groow.pt\/index.php?rest_route=%2Fwp%2Fv2%2Fproduct_tag&post=51754"}],"curies":[{"name":"wp","href":"https:\/\/api.w.org\/{rel}","templated":true}]}}